{"id":1694,"date":"2021-07-12T11:19:31","date_gmt":"2021-07-12T09:19:31","guid":{"rendered":"https:\/\/spidiaplaya.com\/agence-immobiliere\/"},"modified":"2021-07-12T11:19:31","modified_gmt":"2021-07-12T09:19:31","slug":"agence-immobiliere","status":"publish","type":"page","link":"https:\/\/spidiaplaya.com\/fr\/agence-immobiliere\/","title":{"rendered":"Agence immobili\u00e8re"},"content":{"rendered":"<div id=\"pl-1694\"  class=\"panel-layout\" ><div id=\"pg-1694-0\"  class=\"panel-grid panel-has-style\" ><div class=\"siteorigin-panels-stretch kt-panel-row-full-stretch panel-row-style panel-row-style-for-1694-0\" style=\"visibility: hidden;\" data-stretch-type=\"full-stretched\" ><div id=\"pgc-1694-0-0\"  class=\"panel-grid-cell\" ><div id=\"panel-1694-0-0-0\" class=\"so-panel widget widget_sow-editor panel-first-child panel-last-child\" data-index=\"0\" ><div\n\t\t\t\n\t\t\tclass=\"so-widget-sow-editor so-widget-sow-editor-base\"\n\t\t\t\n\t\t>\n<div class=\"siteorigin-widget-tinymce textwidget\">\n\t\n\t\t\t<!-- START Inmobiliaria REVOLUTION SLIDER 6.2.21 --><p class=\"rs-p-wp-fix\"><\/p>\n\t\t\t<rs-module-wrap id=\"rev_slider_7_2_wrapper\" data-source=\"gallery\" style=\"background:transparent;padding:0;margin:0px auto;margin-top:0;margin-bottom:0;\">\n\t\t\t\t<rs-module id=\"rev_slider_7_2\" style=\"\" data-version=\"6.2.21\">\n\t\t\t\t\t<rs-slides>\n\t\t\t\t\t\t<rs-slide data-key=\"rs-29\" data-title=\"Slide\" data-anim=\"ei:d;eo:d;s:1000;r:0;t:fade;sl:0;\" data-firstanim=\"t:notransition;s:300;sl:7;\">\n\t\t\t\t\t\t\t<img loading=\"lazy\" decoding=\"async\" src=\"\/\/spidiaplaya.com\/wp-content\/uploads\/2021\/07\/slider-terraza-1.jpg\" alt=\"spidia playa\" title=\"slider-terraza\" width=\"1601\" height=\"961\" class=\"rev-slidebg\" data-no-retina>\n<!--\n\t\t\t\t\t\t\t--><h1\n\t\t\t\t\t\t\t\tid=\"slider-7-slide-29-layer-5\" \n\t\t\t\t\t\t\t\tclass=\"rs-layer\"\n\t\t\t\t\t\t\t\tdata-type=\"text\"\n\t\t\t\t\t\t\t\tdata-rsp_ch=\"on\"\n\t\t\t\t\t\t\t\tdata-xy=\"xo:20px,20px,30px,30px;y:b;yo:70px,70px,43px,43px;\"\n\t\t\t\t\t\t\t\tdata-text=\"w:normal;s:64,64,70,70;l:80,80,70,70;fw:900;\"\n\t\t\t\t\t\t\t\tdata-frame_0=\"x:175%;o:1;\"\n\t\t\t\t\t\t\t\tdata-frame_0_mask=\"u:t;x:-100%;\"\n\t\t\t\t\t\t\t\tdata-frame_1=\"e:power3.out;st:440;sp:1500;sR:440;\"\n\t\t\t\t\t\t\t\tdata-frame_1_mask=\"u:t;\"\n\t\t\t\t\t\t\t\tdata-frame_999=\"o:0;st:w;sR:3560;\"\n\t\t\t\t\t\t\t\tstyle=\"z-index:9;font-family:Roboto;\"\n\t\t\t\t\t\t\t>Agence immobili\u00e8re \n\t\t\t\t\t\t\t<\/h1><!--\n\n\t\t\t\t\t\t\t--><rs-layer\n\t\t\t\t\t\t\t\tid=\"slider-7-slide-29-layer-6\" \n\t\t\t\t\t\t\t\tdata-type=\"shape\"\n\t\t\t\t\t\t\t\tdata-rsp_ch=\"on\"\n\t\t\t\t\t\t\t\tdata-text=\"w:normal;s:20,20,12,12;l:0,0,15,15;\"\n\t\t\t\t\t\t\t\tdata-dim=\"w:100%;h:100%;\"\n\t\t\t\t\t\t\t\tdata-basealign=\"slide\"\n\t\t\t\t\t\t\t\tdata-frame_999=\"o:0;st:w;sR:4700;\"\n\t\t\t\t\t\t\t\tstyle=\"z-index:8;background-color:rgba(0,0,0,0.2);\"\n\t\t\t\t\t\t\t> \n\t\t\t\t\t\t\t<\/rs-layer><!--\n-->\t\t\t\t\t\t<\/rs-slide>\n\t\t\t\t\t<\/rs-slides>\n\t\t\t\t\t<rs-static-layers><!--\n\t\t\t\t\t--><\/rs-static-layers>\n\t\t\t\t<\/rs-module>\n\t\t\t\t<script type=\"text\/javascript\">\n\t\t\t\t\tsetREVStartSize({c: 'rev_slider_7_2',rl:[1240,1240,778,778],el:[400,400,350,350],gw:[1240,1240,778,778],gh:[400,400,350,350],type:'standard',justify:'',layout:'fullwidth',mh:\"0\"});\n\t\t\t\t\tvar\trevapi7,\n\t\t\t\t\t\ttpj;\n\t\t\t\t\tfunction revinit_revslider72() {\n\t\t\t\t\tjQuery(function() {\n\t\t\t\t\t\ttpj = jQuery;\n\t\t\t\t\t\trevapi7 = tpj(\"#rev_slider_7_2\");\n\t\t\t\t\t\tif(revapi7==undefined || revapi7.revolution == undefined){\n\t\t\t\t\t\t\trevslider_showDoubleJqueryError(\"rev_slider_7_2\");\n\t\t\t\t\t\t}else{\n\t\t\t\t\t\t\trevapi7.revolution({\n\t\t\t\t\t\t\t\tsliderLayout:\"fullwidth\",\n\t\t\t\t\t\t\t\tduration:\"4000ms\",\n\t\t\t\t\t\t\t\tvisibilityLevels:\"1240,1240,778,778\",\n\t\t\t\t\t\t\t\tgridwidth:\"1240,1240,778,778\",\n\t\t\t\t\t\t\t\tgridheight:\"400,400,350,350\",\n\t\t\t\t\t\t\t\tperspective:600,\n\t\t\t\t\t\t\t\tperspectiveType:\"global\",\n\t\t\t\t\t\t\t\teditorheight:\"400,768,350,720\",\n\t\t\t\t\t\t\t\tresponsiveLevels:\"1240,1240,778,778\",\n\t\t\t\t\t\t\t\tprogressBar:{disableProgressBar:true},\n\t\t\t\t\t\t\t\tnavigation: {\n\t\t\t\t\t\t\t\t\tonHoverStop:false\n\t\t\t\t\t\t\t\t},\n\t\t\t\t\t\t\t\tfallbacks: {\n\t\t\t\t\t\t\t\t\tallowHTML5AutoPlayOnAndroid:true\n\t\t\t\t\t\t\t\t},\n\t\t\t\t\t\t\t});\n\t\t\t\t\t\t}\n\t\t\t\t\t\t\n\t\t\t\t\t});\n\t\t\t\t\t} \/\/ End of RevInitScript\n\t\t\t\tif (document.readyState === \"loading\") window.addEventListener('DOMContentLoaded',function() { revinit_revslider72();}); else revinit_revslider72();\n\t\t\t\t<\/script>\n\t\t\t<\/rs-module-wrap>\n\t\t\t<!-- END REVOLUTION SLIDER -->\n\n<\/div>\n<\/div><\/div><\/div><\/div><\/div><div id=\"pg-1694-1\"  class=\"panel-grid panel-has-style\" ><div class=\"panel-widget-style panel-row-style panel-row-style-for-1694-1\" ><div id=\"pgc-1694-1-0\"  class=\"panel-grid-cell\" ><div id=\"panel-1694-1-0-0\" class=\"so-panel widget widget_sow-editor panel-first-child panel-last-child\" data-index=\"1\" ><div\n\t\t\t\n\t\t\tclass=\"so-widget-sow-editor so-widget-sow-editor-base\"\n\t\t\t\n\t\t>\n<div class=\"siteorigin-widget-tinymce textwidget\">\n\t<p class=\"gmail-big\">En tant que professionnels de l'immobilier, nous nous sommes fix\u00e9 pour mission d'offrir un service d'exception \u00e0 nos clients.<\/p>\n<p class=\"gmail-big\">Notre \u00e9quipe compos\u00e9e d'experts de l'immobilier est sp\u00e9cialis\u00e9e dans l'achat, la vente et la location de biens r\u00e9sidentiels, de bureaux et de locaux commerciaux.<\/p>\n<\/div>\n<\/div><\/div><\/div><\/div><\/div><div id=\"pg-1694-2\"  class=\"panel-grid panel-has-style\" ><div class=\"siteorigin-panels-stretch kt-panel-row-stretch panel-widget-style panel-row-style panel-row-style-for-1694-2\" style=\"visibility: hidden;\" data-stretch-type=\"full\" ><div id=\"pgc-1694-2-0\"  class=\"panel-grid-cell panel-grid-cell-empty\" ><\/div><div id=\"pgc-1694-2-1\"  class=\"panel-grid-cell\" ><div id=\"panel-1694-2-1-0\" class=\"so-panel widget widget_sow-editor panel-first-child panel-last-child\" data-index=\"2\" ><div\n\t\t\t\n\t\t\tclass=\"so-widget-sow-editor so-widget-sow-editor-base\"\n\t\t\t\n\t\t>\n<div class=\"siteorigin-widget-tinymce textwidget\">\n\t<h4><span style=\"color: #084e59;\"><strong>Services immobiliers pour les propri\u00e9taires&nbsp;:<\/strong><\/span><\/h4>\n<\/div>\n<\/div><\/div><\/div><div id=\"pgc-1694-2-2\"  class=\"panel-grid-cell\" ><div id=\"panel-1694-2-2-0\" class=\"so-panel widget widget_sow-editor panel-first-child panel-last-child\" data-index=\"3\" ><div\n\t\t\t\n\t\t\tclass=\"so-widget-sow-editor so-widget-sow-editor-base\"\n\t\t\t\n\t\t>\n<div class=\"siteorigin-widget-tinymce textwidget\">\n\t<p><span style=\"color: #555555;\"><strong>\u00c9<\/strong>tat des lieux du bien immobilier<\/span><\/p>\n<p><span style=\"color: #555555;\"><strong>\u00c9<\/strong>laboration d'une strat\u00e9gie commerciale et de communication<\/span><\/p>\n<p><span style=\"color: #555555;\"><strong>D<\/strong>\u00e9finition d'une politique de prix<\/span><\/p>\n<p><span style=\"color: #555555;\"><strong>C<\/strong>ommercialisation et acquisition de profils<\/span><\/p>\n<p><span style=\"color: #555555;\"><strong>N<\/strong>\u00e9gociation et signature de contrats<\/span><\/p>\n<\/div>\n<\/div><\/div><\/div><\/div><\/div><div id=\"pg-1694-3\"  class=\"panel-grid panel-has-style\" ><div class=\"panel-widget-style panel-row-style panel-row-style-for-1694-3\" ><div id=\"pgc-1694-3-0\"  class=\"panel-grid-cell\" ><div id=\"panel-1694-3-0-0\" class=\"so-panel widget widget_sow-editor panel-first-child panel-last-child\" data-index=\"4\" ><div\n\t\t\t\n\t\t\tclass=\"so-widget-sow-editor so-widget-sow-editor-base\"\n\t\t\t\n\t\t>\n<div class=\"siteorigin-widget-tinymce textwidget\">\n\t<p class=\"gmail-big\">Chez Spidia Inmobiliaria, nous nous attachons \u00e0 <b>r\u00e9pondre \u00e0 toutes les exigences de nos clients<\/b>. Pour compl\u00e9ter notre mission en tant qu'agence, nous vous proposons \u00e9galement un service impeccable en mati\u00e8re de gestion immobili\u00e8re.<\/p>\n<p class=\"gmail-big\">SPIDIA INMOBILIARIA vous offre une gamme vari\u00e9e de services&nbsp;:<\/p>\n<\/div>\n<\/div><\/div><\/div><\/div><\/div><div id=\"pg-1694-4\"  class=\"panel-grid panel-has-style\" ><div class=\"siteorigin-panels-stretch kt-parallax-stellar kt-panel-row-full-stretch panel-row-style panel-row-style-for-1694-4\" style=\"background-image: url(https:\/\/spidiaplaya.com\/wp-content\/uploads\/2021\/08\/equipo-2-1.jpg);background-position: center center;visibility: hidden;\" data-stretch-type=\"full-stretched\" data-ktstellar-background-ratio=\"0.5\" ><div id=\"pgc-1694-4-0\"  class=\"panel-grid-cell\" ><div class=\"content-transparence panel-cell-style panel-cell-style-for-1694-4-0\" ><div id=\"panel-1694-4-0-0\" class=\"so-panel widget widget_sow-editor panel-first-child\" data-index=\"5\" ><div\n\t\t\t\n\t\t\tclass=\"so-widget-sow-editor so-widget-sow-editor-base\"\n\t\t\t\n\t\t>\n<div class=\"siteorigin-widget-tinymce textwidget\">\n\t<h2 style=\"text-align: center;\"><span style=\"color: #ffffff;\">HOME STAGING, OU VALORISATION IMMOBILI\u00c8RE<\/span><\/h2>\n<\/div>\n<\/div><\/div><div id=\"panel-1694-4-0-1\" class=\"so-panel widget widget_sow-editor panel-last-child\" data-index=\"6\" ><div class=\"panel-widget-style panel-widget-style-for-1694-4-0-1\" ><div\n\t\t\t\n\t\t\tclass=\"so-widget-sow-editor so-widget-sow-editor-base\"\n\t\t\t\n\t\t>\n<div class=\"siteorigin-widget-tinymce textwidget\">\n\t<p style=\"text-align: center;\"><span style=\"color: #ffffff;\">SPIDIA INMOBILIARIA vous conseille \u00e9galement sur les modifications qui devraient \u00eatre apport\u00e9es \u00e0 votre logement et se charge de les mettre en \u0153uvre. L'id\u00e9e est de valoriser les points forts du logement et de le transformer en un espace neutre et accueillant qui pourra plaire \u00e0 la majorit\u00e9 des acqu\u00e9reurs ou des locataires et les inciter \u00e0 l'acheter ou \u00e0 le louer.<\/span><\/p>\n<\/div>\n<\/div><\/div><\/div><\/div><\/div><\/div><\/div><div id=\"pg-1694-5\"  class=\"panel-grid panel-has-style\" ><div class=\"panel-widget-style panel-row-style panel-row-style-for-1694-5\" ><div id=\"pgc-1694-5-0\"  class=\"panel-grid-cell\" ><div id=\"panel-1694-5-0-0\" class=\"so-panel widget widget_sow-button panel-first-child panel-last-child\" data-index=\"7\" ><div\n\t\t\t\n\t\t\tclass=\"so-widget-sow-button so-widget-sow-button-flat-e99736ded51d-1694\"\n\t\t\t\n\t\t><div class=\"ow-button-base ow-button-align-center\">\n\t<a\n\thref=\"https:\/\/www.spidiainmobiliaria.com\/\"\n\t\tclass=\"ow-icon-placement-left ow-button-hover\" target=\"_blank\" rel=\"noopener noreferrer\" \t>\n\t\t<span>\n\t\t\t\n\t\t\tACC\u00c9DER \u00c0 L'AGENCE\t\t<\/span>\n\t<\/a>\n<\/div>\n<\/div><\/div><\/div><\/div><\/div><\/div>","protected":false},"excerpt":{"rendered":"<p>En tant que professionnels de l'immobilier, nous nous sommes fix\u00e9 pour mission d'offrir un service d'exception \u00e0 nos clients. Notre \u00e9quipe compos\u00e9e d'experts de l'immobilier est sp\u00e9cialis\u00e9e dans l'achat, la vente et la location de biens r\u00e9sidentiels, de bureaux et &hellip; <a class=\"kt-excerpt-readmore\" href=\"https:\/\/spidiaplaya.com\/fr\/agence-immobiliere\/\" aria-label=\"Agence immobili\u00e8re\">Lire la suite<\/a><\/p>\n","protected":false},"author":1,"featured_media":0,"parent":0,"menu_order":0,"comment_status":"closed","ping_status":"closed","template":"page-fullwidth.php","meta":{"_monsterinsights_skip_tracking":false,"_monsterinsights_sitenote_active":false,"_monsterinsights_sitenote_note":"","_monsterinsights_sitenote_category":0,"footnotes":""},"class_list":["post-1694","page","type-page","status-publish","hentry"],"yoast_head":"<!-- This site is optimized with the Yoast SEO plugin v20.7 - https:\/\/yoast.com\/wordpress\/plugins\/seo\/ -->\n<title>Agence immobili\u00e8re - Spidia<\/title>\n<meta name=\"description\" content=\"Agence immobili\u00e8re - Empresa familiar, experimentada en el mundo inmobiliario, de la construcci\u00f3n y la gesti\u00f3n empresarial en el municipio de \u00c1guilas y sus alrededores.\" \/>\n<meta name=\"robots\" content=\"index, follow, max-snippet:-1, max-image-preview:large, max-video-preview:-1\" \/>\n<link rel=\"canonical\" href=\"https:\/\/spidiaplaya.com\/agence-immobiliere\/\" \/>\n<meta property=\"og:locale\" content=\"fr_FR\" \/>\n<meta property=\"og:type\" content=\"article\" \/>\n<meta property=\"og:title\" content=\"Agence immobili\u00e8re - Spidia\" \/>\n<meta property=\"og:description\" content=\"Agence immobili\u00e8re - Empresa familiar, experimentada en el mundo inmobiliario, de la construcci\u00f3n y la gesti\u00f3n empresarial en el municipio de \u00c1guilas y sus alrededores.\" \/>\n<meta property=\"og:url\" content=\"https:\/\/spidiaplaya.com\/agence-immobiliere\/\" \/>\n<meta property=\"og:site_name\" content=\"Spidia\" \/>\n<meta name=\"twitter:card\" content=\"summary_large_image\" \/>\n<script type=\"application\/ld+json\" class=\"yoast-schema-graph\">{\"@context\":\"https:\/\/schema.org\",\"@graph\":[{\"@type\":\"WebPage\",\"@id\":\"https:\/\/spidiaplaya.com\/agence-immobiliere\/\",\"url\":\"https:\/\/spidiaplaya.com\/agence-immobiliere\/\",\"name\":\"Agence immobili\u00e8re - Spidia\",\"isPartOf\":{\"@id\":\"https:\/\/spidiaplaya.com\/#website\"},\"datePublished\":\"2021-07-12T09:19:31+00:00\",\"dateModified\":\"2021-07-12T09:19:31+00:00\",\"description\":\"Agence immobili\u00e8re - Empresa familiar, experimentada en el mundo inmobiliario, de la construcci\u00f3n y la gesti\u00f3n empresarial en el municipio de \u00c1guilas y sus alrededores.\",\"breadcrumb\":{\"@id\":\"https:\/\/spidiaplaya.com\/agence-immobiliere\/#breadcrumb\"},\"inLanguage\":\"fr-FR\",\"potentialAction\":[{\"@type\":\"ReadAction\",\"target\":[\"https:\/\/spidiaplaya.com\/agence-immobiliere\/\"]}]},{\"@type\":\"BreadcrumbList\",\"@id\":\"https:\/\/spidiaplaya.com\/agence-immobiliere\/#breadcrumb\",\"itemListElement\":[{\"@type\":\"ListItem\",\"position\":1,\"name\":\"Portada\",\"item\":\"https:\/\/spidiaplaya.com\/fr\/\"},{\"@type\":\"ListItem\",\"position\":2,\"name\":\"Agence immobili\u00e8re\"}]},{\"@type\":\"WebSite\",\"@id\":\"https:\/\/spidiaplaya.com\/#website\",\"url\":\"https:\/\/spidiaplaya.com\/\",\"name\":\"Spidia\",\"description\":\"Empresa familiar, experimentada en el mundo inmobiliario, de la construcci\u00f3n y la gesti\u00f3n empresarial en el municipio de \u00c1guilas y sus alrededores.\",\"publisher\":{\"@id\":\"https:\/\/spidiaplaya.com\/#organization\"},\"potentialAction\":[{\"@type\":\"SearchAction\",\"target\":{\"@type\":\"EntryPoint\",\"urlTemplate\":\"https:\/\/spidiaplaya.com\/?s={search_term_string}\"},\"query-input\":\"required name=search_term_string\"}],\"inLanguage\":\"fr-FR\"},{\"@type\":\"Organization\",\"@id\":\"https:\/\/spidiaplaya.com\/#organization\",\"name\":\"Spidia\",\"url\":\"https:\/\/spidiaplaya.com\/\",\"logo\":{\"@type\":\"ImageObject\",\"inLanguage\":\"fr-FR\",\"@id\":\"https:\/\/spidiaplaya.com\/#\/schema\/logo\/image\/\",\"url\":\"https:\/\/spidiaplaya.com\/wp-content\/uploads\/2021\/07\/spidia_horiz_inmo.png\",\"contentUrl\":\"https:\/\/spidiaplaya.com\/wp-content\/uploads\/2021\/07\/spidia_horiz_inmo.png\",\"width\":2598,\"height\":945,\"caption\":\"Spidia\"},\"image\":{\"@id\":\"https:\/\/spidiaplaya.com\/#\/schema\/logo\/image\/\"}}]}<\/script>\n<!-- \/ Yoast SEO plugin. -->","yoast_head_json":{"title":"Agence immobili\u00e8re - Spidia","description":"Agence immobili\u00e8re - Empresa familiar, experimentada en el mundo inmobiliario, de la construcci\u00f3n y la gesti\u00f3n empresarial en el municipio de \u00c1guilas y sus alrededores.","robots":{"index":"index","follow":"follow","max-snippet":"max-snippet:-1","max-image-preview":"max-image-preview:large","max-video-preview":"max-video-preview:-1"},"canonical":"https:\/\/spidiaplaya.com\/agence-immobiliere\/","og_locale":"fr_FR","og_type":"article","og_title":"Agence immobili\u00e8re - Spidia","og_description":"Agence immobili\u00e8re - Empresa familiar, experimentada en el mundo inmobiliario, de la construcci\u00f3n y la gesti\u00f3n empresarial en el municipio de \u00c1guilas y sus alrededores.","og_url":"https:\/\/spidiaplaya.com\/agence-immobiliere\/","og_site_name":"Spidia","twitter_card":"summary_large_image","schema":{"@context":"https:\/\/schema.org","@graph":[{"@type":"WebPage","@id":"https:\/\/spidiaplaya.com\/agence-immobiliere\/","url":"https:\/\/spidiaplaya.com\/agence-immobiliere\/","name":"Agence immobili\u00e8re - Spidia","isPartOf":{"@id":"https:\/\/spidiaplaya.com\/#website"},"datePublished":"2021-07-12T09:19:31+00:00","dateModified":"2021-07-12T09:19:31+00:00","description":"Agence immobili\u00e8re - Empresa familiar, experimentada en el mundo inmobiliario, de la construcci\u00f3n y la gesti\u00f3n empresarial en el municipio de \u00c1guilas y sus alrededores.","breadcrumb":{"@id":"https:\/\/spidiaplaya.com\/agence-immobiliere\/#breadcrumb"},"inLanguage":"fr-FR","potentialAction":[{"@type":"ReadAction","target":["https:\/\/spidiaplaya.com\/agence-immobiliere\/"]}]},{"@type":"BreadcrumbList","@id":"https:\/\/spidiaplaya.com\/agence-immobiliere\/#breadcrumb","itemListElement":[{"@type":"ListItem","position":1,"name":"Portada","item":"https:\/\/spidiaplaya.com\/fr\/"},{"@type":"ListItem","position":2,"name":"Agence immobili\u00e8re"}]},{"@type":"WebSite","@id":"https:\/\/spidiaplaya.com\/#website","url":"https:\/\/spidiaplaya.com\/","name":"Spidia","description":"Empresa familiar, experimentada en el mundo inmobiliario, de la construcci\u00f3n y la gesti\u00f3n empresarial en el municipio de \u00c1guilas y sus alrededores.","publisher":{"@id":"https:\/\/spidiaplaya.com\/#organization"},"potentialAction":[{"@type":"SearchAction","target":{"@type":"EntryPoint","urlTemplate":"https:\/\/spidiaplaya.com\/?s={search_term_string}"},"query-input":"required name=search_term_string"}],"inLanguage":"fr-FR"},{"@type":"Organization","@id":"https:\/\/spidiaplaya.com\/#organization","name":"Spidia","url":"https:\/\/spidiaplaya.com\/","logo":{"@type":"ImageObject","inLanguage":"fr-FR","@id":"https:\/\/spidiaplaya.com\/#\/schema\/logo\/image\/","url":"https:\/\/spidiaplaya.com\/wp-content\/uploads\/2021\/07\/spidia_horiz_inmo.png","contentUrl":"https:\/\/spidiaplaya.com\/wp-content\/uploads\/2021\/07\/spidia_horiz_inmo.png","width":2598,"height":945,"caption":"Spidia"},"image":{"@id":"https:\/\/spidiaplaya.com\/#\/schema\/logo\/image\/"}}]}},"_links":{"self":[{"href":"https:\/\/spidiaplaya.com\/fr\/wp-json\/wp\/v2\/pages\/1694","targetHints":{"allow":["GET"]}}],"collection":[{"href":"https:\/\/spidiaplaya.com\/fr\/wp-json\/wp\/v2\/pages"}],"about":[{"href":"https:\/\/spidiaplaya.com\/fr\/wp-json\/wp\/v2\/types\/page"}],"author":[{"embeddable":true,"href":"https:\/\/spidiaplaya.com\/fr\/wp-json\/wp\/v2\/users\/1"}],"replies":[{"embeddable":true,"href":"https:\/\/spidiaplaya.com\/fr\/wp-json\/wp\/v2\/comments?post=1694"}],"version-history":[{"count":0,"href":"https:\/\/spidiaplaya.com\/fr\/wp-json\/wp\/v2\/pages\/1694\/revisions"}],"wp:attachment":[{"href":"https:\/\/spidiaplaya.com\/fr\/wp-json\/wp\/v2\/media?parent=1694"}],"curies":[{"name":"wp","href":"https:\/\/api.w.org\/{rel}","templated":true}]}}