{"id":1692,"date":"2021-07-06T15:17:08","date_gmt":"2021-07-06T13:17:08","guid":{"rendered":"https:\/\/spidiaplaya.com\/accueil\/"},"modified":"2023-02-03T10:45:57","modified_gmt":"2023-02-03T09:45:57","slug":"accueil","status":"publish","type":"page","link":"https:\/\/spidiaplaya.com\/fr\/","title":{"rendered":"Accueil"},"content":{"rendered":"<div id=\"pl-1692\"  class=\"panel-layout\" ><div id=\"pg-1692-0\"  class=\"panel-grid panel-has-style\" ><div class=\"aos-init panel-widget-style panel-row-style panel-row-style-for-1692-0\" data-aos=\"fade-up\" data-aos-duration=\"900\" data-aos-easing=\"ease-in-out\" data-aos-delay=\"300\" data-aos-anchor-placement=\"top-bottom\" data-aos-once=\"true\" ><div id=\"pgc-1692-0-0\"  class=\"panel-grid-cell\" ><div id=\"panel-1692-0-0-0\" class=\"so-panel widget widget_sow-editor panel-first-child panel-last-child\" data-index=\"0\" ><div class=\"panel-widget-style panel-widget-style-for-1692-0-0-0\" ><div\n\t\t\t\n\t\t\tclass=\"so-widget-sow-editor so-widget-sow-editor-base\"\n\t\t\t\n\t\t>\n<div class=\"siteorigin-widget-tinymce textwidget\">\n\t<p><a href=\"https:\/\/spidiaplaya.com\/promocion\/\"><\/p>\n<div>\n<h2 class=\"t-number\"><span>1<\/span> D\u00e9veloppement<\/h2>\n<p>Le client est au coeur du projet, et nous l'accompagnons tout au long du processus d'achat et de construction en lui offrant un service personnalis\u00e9.<\/p><\/div>\n<p><\/a><\/p>\n<\/div>\n<\/div><\/div><\/div><\/div><div id=\"pgc-1692-0-1\"  class=\"panel-grid-cell\" ><div id=\"panel-1692-0-1-0\" class=\"so-panel widget widget_sow-editor panel-first-child panel-last-child\" data-index=\"1\" ><div class=\"panel-widget-style panel-widget-style-for-1692-0-1-0\" ><div\n\t\t\t\n\t\t\tclass=\"so-widget-sow-editor so-widget-sow-editor-base\"\n\t\t\t\n\t\t>\n<div class=\"siteorigin-widget-tinymce textwidget\">\n\t<p><a href=\"https:\/\/spidiaplaya.com\/construccion\/\"><\/p>\n<div>\n<h2 class=\"t-number\"><span>2<\/span> Construction<\/h2>\n<p>En partant d'une conception soign\u00e9e, nous s\u00e9lectionnons rigoureusement des mat\u00e9riaux de la plus haute qualit\u00e9 et nous soignons les finitions dans les moindres d\u00e9tails afin de donner vie \u00e0 la maison de vos r\u00eaves.<\/p><\/div>\n<p><\/a><\/p>\n<\/div>\n<\/div><\/div><\/div><\/div><div id=\"pgc-1692-0-2\"  class=\"panel-grid-cell\" ><div id=\"panel-1692-0-2-0\" class=\"so-panel widget widget_sow-editor panel-first-child panel-last-child\" data-index=\"2\" ><div class=\"panel-widget-style panel-widget-style-for-1692-0-2-0\" ><div\n\t\t\t\n\t\t\tclass=\"so-widget-sow-editor so-widget-sow-editor-base\"\n\t\t\t\n\t\t>\n<div class=\"siteorigin-widget-tinymce textwidget\">\n\t<p><a href=\"https:\/\/spidiaplaya.com\/inmobiliaria\/\"><\/p>\n<div>\n<h2 class=\"t-number\"><span>3<\/span> Immobilier<\/h2>\n<p>Nos nous attachons \u00e0 satisfaire tous les besoins de nos clients. Pour compl\u00e9ter notre mission en tant qu'agence, nous vous proposons \u00e9galement un service de gestion immobili\u00e8re INT\u00c9GRALE.<\/p><\/div>\n<p><\/a><\/p>\n<\/div>\n<\/div><\/div><\/div><\/div><\/div><\/div><div id=\"pg-1692-1\"  class=\"panel-grid panel-has-style\" ><div class=\"siteorigin-panels-stretch kt-panel-row-full-stretch panel-row-style panel-row-style-for-1692-1\" style=\"visibility: hidden;\" data-stretch-type=\"full-stretched\" ><div id=\"pgc-1692-1-0\"  class=\"panel-grid-cell\" ><div id=\"panel-1692-1-0-0\" class=\"so-panel widget widget_virtue_split_content_widget virtue_split_content_widget panel-first-child panel-last-child\" data-index=\"3\" >\t<!-- Image Split -->\n\t<div class=\"kt-image-slit\" id=\"kt-image-split-widget-1-0-0\">\n\t  <div class=\"row\">\n\t    <div class=\"col-sm-6 kt-si-imagecol img-ktsi-right kt-animate-fade-in-left\" style=\"background-image:url(https:\/\/spidiaplaya.com\/wp-content\/uploads\/2021\/07\/slider-terraza-1.jpg); background-size:cover; background-position: center center; min-height:250px;\">\n\t      <div class=\"kt-si-table-box\" style=\"height:500px\">\n\t      \t<div class=\"kt-si-cell-box\">\n\t      \t\t<a href=\"https:\/\/spidiaplaya.com\/spidia-playa-II\/\" target=\"_self\" class=\"kt-si-image-link\"><div class=\"kt-si-image kt-si-cover-image\" style=\"max-height:500px;\"><\/div><\/a>\t        <\/div>\n\t      <\/div>\n\t     <\/div>\n\t     <div class=\"col-sm-6 kt-si-imagecol content-ktsi-right kt-animate-fade-in-right\" style=\"background-color:#f5f5f5\">\n\t      <div class=\"kt-si-table-box\" style=\"height:500px\">\n\t      \t<div class=\"kt-si-cell-box\" style=\"max-width:600px;  text-align:left;\">\n \t\t\t\t<h2 class=\"kt_imgsplit_title\" style=\"\">D\u00e9couvrir la R\u00e9sidence Spidia Playa II<\/h2><div class=\"kt_imgsplit_content\" style=\"\"><p>La R\u00e9sidence Spidia Playa II est une promotion exclusive situ\u00e9e dans le quartier r\u00e9sidentiel El Hornillo. Gr\u00e2ce \u00e0 son emplacement et son orientation exceptionnels, elle offre de magnifiques vues sur la mer.<\/p>\n<p>Notre \u00e9quipe de professionnels a cr\u00e9\u00e9 des logements fonctionnels et polyvalents. Bien pens\u00e9s et construits avec des mat\u00e9riaux de qualit\u00e9, ils s'adaptent facilement aux besoins des r\u00e9sidents.<\/p>\n<\/div><a href=\"https:\/\/spidiaplaya.com\/fr\/spidia-playa\/\" target=\"_self\" class=\"kt_imgsplit_btn kad-btn kad-btn-primary\">D\u00c9COUVRIR<\/a>\t        <\/div>\n\t      <\/div>\n\t     <\/div>\n\t  <\/div>\n\t<\/div>\n\n\t<\/div><\/div><\/div><\/div><div id=\"pg-1692-2\"  class=\"panel-grid panel-has-style\" ><div class=\"siteorigin-panels-stretch kt-panel-row-full-stretch panel-row-style panel-row-style-for-1692-2\" style=\"visibility: hidden;\" data-stretch-type=\"full-stretched\" ><div id=\"pgc-1692-2-0\"  class=\"panel-grid-cell\" ><div id=\"panel-1692-2-0-0\" class=\"so-panel widget widget_virtue_split_content_widget virtue_split_content_widget panel-first-child panel-last-child\" data-index=\"4\" >\t<!-- Image Split -->\n\t<div class=\"kt-image-slit\" id=\"kt-image-split-widget-2-0-0\">\n\t  <div class=\"row\">\n\t    <div class=\"col-sm-6 kt-si-imagecol img-ktsi-left kt-animate-fade-in-right\" style=\"background-image:url(https:\/\/spidiaplaya.com\/wp-content\/uploads\/2022\/02\/slider-nosotros-garantia-de-calidad.jpg); background-size:cover; background-position: center center; min-height:250px;\">\n\t      <div class=\"kt-si-table-box\" style=\"height:500px\">\n\t      \t<div class=\"kt-si-cell-box\">\n\t      \t\t<a href=\"https:\/\/spidiaplaya.com\/nosotros\/\" target=\"_self\" class=\"kt-si-image-link\"><div class=\"kt-si-image kt-si-cover-image\" style=\"max-height:500px;\"><\/div><\/a>\t        <\/div>\n\t      <\/div>\n\t     <\/div>\n\t     <div class=\"col-sm-6 kt-si-imagecol content-ktsi-left kt-animate-fade-in-left\" style=\"background-color:#f5f5f5\">\n\t      <div class=\"kt-si-table-box\" style=\"height:500px\">\n\t      \t<div class=\"kt-si-cell-box\" style=\"max-width:600px;  text-align:left;\">\n \t\t\t\t<h2 class=\"kt_imgsplit_title\" style=\"\">SPIDIA, la garantie qualit\u00e9<\/h2><div class=\"kt_imgsplit_content\" style=\"\"><p>SPIDIA est une entreprise familiale sp\u00e9cialis\u00e9e dans l'immobilier, la construction et la gestion commerciale qui propose ses services dans la commune d'\u00c1guilas et ses environs.<\/p>\n<p>Nous appliquons \u00e0 notre mission professionnelle nos valeurs familiales, avec un service personnalis\u00e9 et proche de nos clients, ainsi qu'un service apr\u00e8s-vente dont nous sommes fiers et qui est notre meilleure garantie.<\/p>\n<\/div><a href=\"https:\/\/spidiaplaya.com\/fr\/a-propos-de-nous\/\" target=\"_self\" class=\"kt_imgsplit_btn kad-btn kad-btn-primary\">QUI SOMMES-NOUS ?<\/a>\t        <\/div>\n\t      <\/div>\n\t     <\/div>\n\t  <\/div>\n\t<\/div>\n\n\t<\/div><\/div><\/div><\/div><div id=\"pg-1692-3\"  class=\"panel-grid panel-has-style\" ><div class=\"siteorigin-panels-stretch kt-panel-row-full-stretch panel-row-style panel-row-style-for-1692-3\" style=\"visibility: hidden;\" data-stretch-type=\"full-stretched\" ><div id=\"pgc-1692-3-0\"  class=\"panel-grid-cell\" ><div id=\"panel-1692-3-0-0\" class=\"so-panel widget widget_sow-hero panel-first-child panel-last-child\" data-index=\"5\" ><div\n\t\t\t\n\t\t\tclass=\"so-widget-sow-hero so-widget-sow-hero-default-fc313d6ffbf8-1692 so-widget-fittext-wrapper\"\n\t\t\t data-fit-text-compressor=\"0.85\"\n\t\t>\t\t\t\t<div class=\"sow-slider-base\" style=\"display: none\">\n\t\t\t\t\t<ul\n\t\t\t\t\tclass=\"sow-slider-images\"\n\t\t\t\t\tdata-settings=\"{&quot;pagination&quot;:true,&quot;speed&quot;:800,&quot;timeout&quot;:8000,&quot;paused&quot;:true,&quot;pause_on_hover&quot;:false,&quot;swipe&quot;:false,&quot;nav_always_show_desktop&quot;:&quot;&quot;,&quot;nav_always_show_mobile&quot;:&quot;&quot;,&quot;breakpoint&quot;:&quot;780px&quot;,&quot;unmute&quot;:false,&quot;anchor&quot;:null}\"\n\t\t\t\t\t\t\t\t\t\tdata-anchor-id=\"\"\n\t\t\t\t>\t\t<li class=\"sow-slider-image  sow-slider-image-cover\" style=\"visibility: visible;;background-color: #000000\" >\n\t\t\t\t\t<div class=\"sow-slider-image-container\">\n\t\t\t<div class=\"sow-slider-image-wrapper\">\n\t\t\t\t<h2 style=\"text-align: center\">\u00c1guilas est une superbe baie urbaine nich\u00e9e dans un environnement unique.<\/h2>\n<p>&nbsp;<\/p>\n<h4 class=\"h3-small-serif\" style=\"text-align: center\">C'est une jolie ville baln\u00e9aire m\u00e9connue, implant\u00e9e dans une frange de littoral prot\u00e9g\u00e9 et bord\u00e9 de plages et de falaises naturelles. Il s'agit de l'une des derni\u00e8res zones pr\u00e9serv\u00e9es de la M\u00e9diterran\u00e9e.<\/h4>\n<div class=\"sow-hero-buttons\" style=\"text-align: center\"><div\n\t\t\t\n\t\t\tclass=\"so-widget-sow-button so-widget-sow-button-flat-e99736ded51d\"\n\t\t\t\n\t\t><div class=\"ow-button-base ow-button-align-center\">\n\t<a\n\thref=\"https:\/\/spidiaplaya.com\/conoce-aguilas\/\"\n\t\tclass=\"ow-icon-placement-left ow-button-hover\" \t>\n\t\t<span>\n\t\t\t\n\t\t\tD\u00c9COUVREZ \u00c1GUILAS\t\t<\/span>\n\t<\/a>\n<\/div>\n<\/div><\/div>\t\t\t<\/div>\n\t\t<\/div>\n\t\t<div class=\"sow-slider-image-overlay sow-slider-image-cover\" style=\"background-image: url(https:\/\/spidiaplaya.com\/wp-content\/uploads\/2021\/08\/aguilas-sq-1.jpg);opacity: 0.69\"  ><\/div>\t\t<\/li>\n\t\t<\/ul>\t\t\t\t<ol class=\"sow-slider-pagination\">\n\t\t\t\t\t\t\t\t\t\t\t<li><a href=\"#\" data-goto=\"0\" aria-label=\"afficher la diapositive 1\"><\/a><\/li>\n\t\t\t\t\t\t\t\t\t<\/ol>\n\n\t\t\t\t<div class=\"sow-slide-nav sow-slide-nav-next\">\n\t\t\t\t\t<a href=\"#\" data-goto=\"next\" aria-label=\"diapositive suivante\" data-action=\"next\">\n\t\t\t\t\t\t<em class=\"sow-sld-icon-thin-right\"><\/em>\n\t\t\t\t\t<\/a>\n\t\t\t\t<\/div>\n\n\t\t\t\t<div class=\"sow-slide-nav sow-slide-nav-prev\">\n\t\t\t\t\t<a href=\"#\" data-goto=\"previous\" aria-label=\"diapositive pr\u00e9c\u00e9dente\" data-action=\"prev\">\n\t\t\t\t\t\t<em class=\"sow-sld-icon-thin-left\"><\/em>\n\t\t\t\t\t<\/a>\n\t\t\t\t<\/div>\n\t\t\t\t<\/div><\/div><\/div><\/div><\/div><\/div><\/div>","protected":false},"excerpt":{"rendered":"<p>1 D\u00e9veloppement Le client est au coeur du projet, et nous l'accompagnons tout au long du processus d'achat et de construction en lui offrant un service personnalis\u00e9. 2 Construction En partant d'une conception soign\u00e9e, nous s\u00e9lectionnons rigoureusement des mat\u00e9riaux de &hellip; <a class=\"kt-excerpt-readmore\" href=\"https:\/\/spidiaplaya.com\/fr\/\" aria-label=\"Accueil\">Lire la suite<\/a><\/p>\n","protected":false},"author":1,"featured_media":0,"parent":0,"menu_order":0,"comment_status":"closed","ping_status":"closed","template":"","meta":{"_monsterinsights_skip_tracking":false,"_monsterinsights_sitenote_active":false,"_monsterinsights_sitenote_note":"","_monsterinsights_sitenote_category":0,"footnotes":""},"class_list":["post-1692","page","type-page","status-publish","hentry"],"yoast_head":"<!-- This site is optimized with the Yoast SEO plugin v20.7 - https:\/\/yoast.com\/wordpress\/plugins\/seo\/ -->\n<title>Spidia Playa - D\u00e9veloppement, immobilier et architecture<\/title>\n<meta name=\"description\" content=\"Spida est une entreprise familiale sp\u00e9cialis\u00e9e dans l&#039;immobilier, la construction et la gestion dans la commune d&#039;\u00c1guilas et ses environs.\" \/>\n<meta name=\"robots\" content=\"index, follow, max-snippet:-1, max-image-preview:large, max-video-preview:-1\" \/>\n<link rel=\"canonical\" href=\"https:\/\/spidiaplaya.com\/fr\/\" \/>\n<meta property=\"og:locale\" content=\"fr_FR\" \/>\n<meta property=\"og:type\" content=\"article\" \/>\n<meta property=\"og:title\" content=\"Spidia Playa - D\u00e9veloppement, immobilier et architecture\" \/>\n<meta property=\"og:description\" content=\"Spida est une entreprise familiale sp\u00e9cialis\u00e9e dans l&#039;immobilier, la construction et la gestion dans la commune d&#039;\u00c1guilas et ses environs.\" \/>\n<meta property=\"og:url\" content=\"https:\/\/spidiaplaya.com\/fr\/\" \/>\n<meta property=\"og:site_name\" content=\"Spidia\" \/>\n<meta property=\"article:modified_time\" content=\"2023-02-03T09:45:57+00:00\" \/>\n<meta name=\"twitter:card\" content=\"summary_large_image\" \/>\n<meta name=\"twitter:label1\" content=\"Dur\u00e9e de lecture estim\u00e9e\" \/>\n\t<meta name=\"twitter:data1\" content=\"1 minute\" \/>\n<script type=\"application\/ld+json\" class=\"yoast-schema-graph\">{\"@context\":\"https:\/\/schema.org\",\"@graph\":[{\"@type\":\"WebPage\",\"@id\":\"https:\/\/spidiaplaya.com\/fr\/\",\"url\":\"https:\/\/spidiaplaya.com\/fr\/\",\"name\":\"Spidia Playa - D\u00e9veloppement, immobilier et architecture\",\"isPartOf\":{\"@id\":\"https:\/\/spidiaplaya.com\/#website\"},\"datePublished\":\"2021-07-06T13:17:08+00:00\",\"dateModified\":\"2023-02-03T09:45:57+00:00\",\"description\":\"Spida est une entreprise familiale sp\u00e9cialis\u00e9e dans l'immobilier, la construction et la gestion dans la commune d'\u00c1guilas et ses environs.\",\"breadcrumb\":{\"@id\":\"https:\/\/spidiaplaya.com\/fr\/#breadcrumb\"},\"inLanguage\":\"fr-FR\",\"potentialAction\":[{\"@type\":\"ReadAction\",\"target\":[\"https:\/\/spidiaplaya.com\/fr\/\"]}]},{\"@type\":\"BreadcrumbList\",\"@id\":\"https:\/\/spidiaplaya.com\/fr\/#breadcrumb\",\"itemListElement\":[{\"@type\":\"ListItem\",\"position\":1,\"name\":\"Portada\",\"item\":\"https:\/\/spidiaplaya.com\/fr\/\"},{\"@type\":\"ListItem\",\"position\":2,\"name\":\"Accueil\"}]},{\"@type\":\"WebSite\",\"@id\":\"https:\/\/spidiaplaya.com\/#website\",\"url\":\"https:\/\/spidiaplaya.com\/\",\"name\":\"Spidia\",\"description\":\"Empresa familiar, experimentada en el mundo inmobiliario, de la construcci\u00f3n y la gesti\u00f3n empresarial en el municipio de \u00c1guilas y sus alrededores.\",\"publisher\":{\"@id\":\"https:\/\/spidiaplaya.com\/#organization\"},\"potentialAction\":[{\"@type\":\"SearchAction\",\"target\":{\"@type\":\"EntryPoint\",\"urlTemplate\":\"https:\/\/spidiaplaya.com\/?s={search_term_string}\"},\"query-input\":\"required name=search_term_string\"}],\"inLanguage\":\"fr-FR\"},{\"@type\":\"Organization\",\"@id\":\"https:\/\/spidiaplaya.com\/#organization\",\"name\":\"Spidia\",\"url\":\"https:\/\/spidiaplaya.com\/\",\"logo\":{\"@type\":\"ImageObject\",\"inLanguage\":\"fr-FR\",\"@id\":\"https:\/\/spidiaplaya.com\/#\/schema\/logo\/image\/\",\"url\":\"https:\/\/spidiaplaya.com\/wp-content\/uploads\/2021\/07\/spidia_horiz_inmo.png\",\"contentUrl\":\"https:\/\/spidiaplaya.com\/wp-content\/uploads\/2021\/07\/spidia_horiz_inmo.png\",\"width\":2598,\"height\":945,\"caption\":\"Spidia\"},\"image\":{\"@id\":\"https:\/\/spidiaplaya.com\/#\/schema\/logo\/image\/\"}}]}<\/script>\n<!-- \/ Yoast SEO plugin. -->","yoast_head_json":{"title":"Spidia Playa - D\u00e9veloppement, immobilier et architecture","description":"Spida est une entreprise familiale sp\u00e9cialis\u00e9e dans l'immobilier, la construction et la gestion dans la commune d'\u00c1guilas et ses environs.","robots":{"index":"index","follow":"follow","max-snippet":"max-snippet:-1","max-image-preview":"max-image-preview:large","max-video-preview":"max-video-preview:-1"},"canonical":"https:\/\/spidiaplaya.com\/fr\/","og_locale":"fr_FR","og_type":"article","og_title":"Spidia Playa - D\u00e9veloppement, immobilier et architecture","og_description":"Spida est une entreprise familiale sp\u00e9cialis\u00e9e dans l'immobilier, la construction et la gestion dans la commune d'\u00c1guilas et ses environs.","og_url":"https:\/\/spidiaplaya.com\/fr\/","og_site_name":"Spidia","article_modified_time":"2023-02-03T09:45:57+00:00","twitter_card":"summary_large_image","twitter_misc":{"Dur\u00e9e de lecture estim\u00e9e":"1 minute"},"schema":{"@context":"https:\/\/schema.org","@graph":[{"@type":"WebPage","@id":"https:\/\/spidiaplaya.com\/fr\/","url":"https:\/\/spidiaplaya.com\/fr\/","name":"Spidia Playa - D\u00e9veloppement, immobilier et architecture","isPartOf":{"@id":"https:\/\/spidiaplaya.com\/#website"},"datePublished":"2021-07-06T13:17:08+00:00","dateModified":"2023-02-03T09:45:57+00:00","description":"Spida est une entreprise familiale sp\u00e9cialis\u00e9e dans l'immobilier, la construction et la gestion dans la commune d'\u00c1guilas et ses environs.","breadcrumb":{"@id":"https:\/\/spidiaplaya.com\/fr\/#breadcrumb"},"inLanguage":"fr-FR","potentialAction":[{"@type":"ReadAction","target":["https:\/\/spidiaplaya.com\/fr\/"]}]},{"@type":"BreadcrumbList","@id":"https:\/\/spidiaplaya.com\/fr\/#breadcrumb","itemListElement":[{"@type":"ListItem","position":1,"name":"Portada","item":"https:\/\/spidiaplaya.com\/fr\/"},{"@type":"ListItem","position":2,"name":"Accueil"}]},{"@type":"WebSite","@id":"https:\/\/spidiaplaya.com\/#website","url":"https:\/\/spidiaplaya.com\/","name":"Spidia","description":"Empresa familiar, experimentada en el mundo inmobiliario, de la construcci\u00f3n y la gesti\u00f3n empresarial en el municipio de \u00c1guilas y sus alrededores.","publisher":{"@id":"https:\/\/spidiaplaya.com\/#organization"},"potentialAction":[{"@type":"SearchAction","target":{"@type":"EntryPoint","urlTemplate":"https:\/\/spidiaplaya.com\/?s={search_term_string}"},"query-input":"required name=search_term_string"}],"inLanguage":"fr-FR"},{"@type":"Organization","@id":"https:\/\/spidiaplaya.com\/#organization","name":"Spidia","url":"https:\/\/spidiaplaya.com\/","logo":{"@type":"ImageObject","inLanguage":"fr-FR","@id":"https:\/\/spidiaplaya.com\/#\/schema\/logo\/image\/","url":"https:\/\/spidiaplaya.com\/wp-content\/uploads\/2021\/07\/spidia_horiz_inmo.png","contentUrl":"https:\/\/spidiaplaya.com\/wp-content\/uploads\/2021\/07\/spidia_horiz_inmo.png","width":2598,"height":945,"caption":"Spidia"},"image":{"@id":"https:\/\/spidiaplaya.com\/#\/schema\/logo\/image\/"}}]}},"_links":{"self":[{"href":"https:\/\/spidiaplaya.com\/fr\/wp-json\/wp\/v2\/pages\/1692","targetHints":{"allow":["GET"]}}],"collection":[{"href":"https:\/\/spidiaplaya.com\/fr\/wp-json\/wp\/v2\/pages"}],"about":[{"href":"https:\/\/spidiaplaya.com\/fr\/wp-json\/wp\/v2\/types\/page"}],"author":[{"embeddable":true,"href":"https:\/\/spidiaplaya.com\/fr\/wp-json\/wp\/v2\/users\/1"}],"replies":[{"embeddable":true,"href":"https:\/\/spidiaplaya.com\/fr\/wp-json\/wp\/v2\/comments?post=1692"}],"version-history":[{"count":8,"href":"https:\/\/spidiaplaya.com\/fr\/wp-json\/wp\/v2\/pages\/1692\/revisions"}],"predecessor-version":[{"id":1855,"href":"https:\/\/spidiaplaya.com\/fr\/wp-json\/wp\/v2\/pages\/1692\/revisions\/1855"}],"wp:attachment":[{"href":"https:\/\/spidiaplaya.com\/fr\/wp-json\/wp\/v2\/media?parent=1692"}],"curies":[{"name":"wp","href":"https:\/\/api.w.org\/{rel}","templated":true}]}}