{"id":1673,"date":"2021-07-06T15:18:13","date_gmt":"2021-07-06T13:18:13","guid":{"rendered":"https:\/\/spidiaplaya.com\/construction\/"},"modified":"2021-07-06T15:18:13","modified_gmt":"2021-07-06T13:18:13","slug":"construction","status":"publish","type":"page","link":"https:\/\/spidiaplaya.com\/en\/construction\/","title":{"rendered":"Construction"},"content":{"rendered":"<div id=\"pl-1673\"  class=\"panel-layout\" ><div id=\"pg-1673-0\"  class=\"panel-grid panel-has-style\" ><div class=\"siteorigin-panels-stretch kt-panel-row-full-stretch panel-row-style panel-row-style-for-1673-0\" style=\"visibility: hidden;\" data-stretch-type=\"full-stretched\" ><div id=\"pgc-1673-0-0\"  class=\"panel-grid-cell\" ><div id=\"panel-1673-0-0-0\" class=\"so-panel widget widget_sow-editor panel-first-child panel-last-child\" data-index=\"0\" ><div\n\t\t\t\n\t\t\tclass=\"so-widget-sow-editor so-widget-sow-editor-base\"\n\t\t\t\n\t\t>\n<div class=\"siteorigin-widget-tinymce textwidget\">\n\t\n\t\t\t<!-- START Construccion REVOLUTION SLIDER 6.2.21 --><p class=\"rs-p-wp-fix\"><\/p>\n\t\t\t<rs-module-wrap id=\"rev_slider_8_2_wrapper\" data-source=\"gallery\" style=\"background:transparent;padding:0;margin:0px auto;margin-top:0;margin-bottom:0;\">\n\t\t\t\t<rs-module id=\"rev_slider_8_2\" style=\"\" data-version=\"6.2.21\">\n\t\t\t\t\t<rs-slides>\n\t\t\t\t\t\t<rs-slide data-key=\"rs-30\" data-title=\"Slide\" data-anim=\"ei:d;eo:d;s:1000;r:0;t:fade;sl:0;\" data-firstanim=\"t:notransition;s:300;sl:7;\">\n\t\t\t\t\t\t\t<img loading=\"lazy\" decoding=\"async\" src=\"\/\/spidiaplaya.com\/wp-content\/uploads\/2022\/03\/CKFF2513-3.jpg\" alt=\"AVANCE DE LAS OBRAS\" title=\"CKFF2513 (3)\" width=\"1600\" height=\"1200\" data-bg=\"p:0% 60%;\" class=\"rev-slidebg\" data-no-retina>\n<!--\n\t\t\t\t\t\t\t--><h1\n\t\t\t\t\t\t\t\tid=\"slider-8-slide-30-layer-5\" \n\t\t\t\t\t\t\t\tclass=\"rs-layer\"\n\t\t\t\t\t\t\t\tdata-type=\"text\"\n\t\t\t\t\t\t\t\tdata-rsp_ch=\"on\"\n\t\t\t\t\t\t\t\tdata-xy=\"xo:20px,20px,30px,30px;y:b;yo:70px,70px,43px,43px;\"\n\t\t\t\t\t\t\t\tdata-text=\"w:normal;s:64,64,70,70;l:80,80,70,70;fw:900;\"\n\t\t\t\t\t\t\t\tdata-frame_0=\"x:175%;o:1;\"\n\t\t\t\t\t\t\t\tdata-frame_0_mask=\"u:t;x:-100%;\"\n\t\t\t\t\t\t\t\tdata-frame_1=\"e:power3.out;st:440;sp:1500;sR:440;\"\n\t\t\t\t\t\t\t\tdata-frame_1_mask=\"u:t;\"\n\t\t\t\t\t\t\t\tdata-frame_999=\"o:0;st:w;sR:3560;\"\n\t\t\t\t\t\t\t\tstyle=\"z-index:9;font-family:Roboto;\"\n\t\t\t\t\t\t\t>Construction \n\t\t\t\t\t\t\t<\/h1><!--\n\n\t\t\t\t\t\t\t--><rs-layer\n\t\t\t\t\t\t\t\tid=\"slider-8-slide-30-layer-6\" \n\t\t\t\t\t\t\t\tdata-type=\"shape\"\n\t\t\t\t\t\t\t\tdata-rsp_ch=\"on\"\n\t\t\t\t\t\t\t\tdata-text=\"w:normal;s:20,20,12,12;l:0,0,15,15;\"\n\t\t\t\t\t\t\t\tdata-dim=\"w:100%;h:100%;\"\n\t\t\t\t\t\t\t\tdata-basealign=\"slide\"\n\t\t\t\t\t\t\t\tdata-frame_999=\"o:0;st:w;sR:4700;\"\n\t\t\t\t\t\t\t\tstyle=\"z-index:8;background-color:rgba(0,0,0,0.2);\"\n\t\t\t\t\t\t\t> \n\t\t\t\t\t\t\t<\/rs-layer><!--\n-->\t\t\t\t\t\t<\/rs-slide>\n\t\t\t\t\t\t<rs-slide data-key=\"rs-31\" data-title=\"Slide\" data-anim=\"ei:d;eo:d;s:1000;r:0;t:fade;sl:0;\">\n\t\t\t\t\t\t\t<img loading=\"lazy\" decoding=\"async\" src=\"\/\/spidiaplaya.com\/wp-content\/uploads\/2022\/03\/CKFF2513-3.jpg\" alt=\"AVANCE DE LAS OBRAS\" title=\"CKFF2513 (3)\" width=\"1600\" height=\"1200\" data-bg=\"p:0% 60%;\" class=\"rev-slidebg\" data-no-retina>\n<!--\n\t\t\t\t\t\t\t--><h1\n\t\t\t\t\t\t\t\tid=\"slider-8-slide-31-layer-5\" \n\t\t\t\t\t\t\t\tclass=\"rs-layer\"\n\t\t\t\t\t\t\t\tdata-type=\"text\"\n\t\t\t\t\t\t\t\tdata-rsp_ch=\"on\"\n\t\t\t\t\t\t\t\tdata-xy=\"xo:20px,20px,30px,30px;y:b;yo:70px,70px,43px,43px;\"\n\t\t\t\t\t\t\t\tdata-text=\"w:normal;s:64,64,70,70;l:80,80,70,70;fw:900;\"\n\t\t\t\t\t\t\t\tdata-frame_0=\"x:175%;o:1;\"\n\t\t\t\t\t\t\t\tdata-frame_0_mask=\"u:t;x:-100%;\"\n\t\t\t\t\t\t\t\tdata-frame_1=\"e:power3.out;st:440;sp:1500;sR:440;\"\n\t\t\t\t\t\t\t\tdata-frame_1_mask=\"u:t;\"\n\t\t\t\t\t\t\t\tdata-frame_999=\"o:0;st:w;sR:3560;\"\n\t\t\t\t\t\t\t\tstyle=\"z-index:9;font-family:Roboto;\"\n\t\t\t\t\t\t\t>Construction \n\t\t\t\t\t\t\t<\/h1><!--\n\n\t\t\t\t\t\t\t--><rs-layer\n\t\t\t\t\t\t\t\tid=\"slider-8-slide-31-layer-6\" \n\t\t\t\t\t\t\t\tdata-type=\"shape\"\n\t\t\t\t\t\t\t\tdata-rsp_ch=\"on\"\n\t\t\t\t\t\t\t\tdata-text=\"w:normal;s:20,20,12,12;l:0,0,15,15;\"\n\t\t\t\t\t\t\t\tdata-dim=\"w:100%;h:100%;\"\n\t\t\t\t\t\t\t\tdata-basealign=\"slide\"\n\t\t\t\t\t\t\t\tdata-frame_999=\"o:0;st:w;sR:4700;\"\n\t\t\t\t\t\t\t\tstyle=\"z-index:8;background-color:rgba(0,0,0,0.2);\"\n\t\t\t\t\t\t\t> \n\t\t\t\t\t\t\t<\/rs-layer><!--\n-->\t\t\t\t\t\t<\/rs-slide>\n\t\t\t\t\t<\/rs-slides>\n\t\t\t\t\t<rs-static-layers><!--\n\t\t\t\t\t--><\/rs-static-layers>\n\t\t\t\t<\/rs-module>\n\t\t\t\t<script type=\"text\/javascript\">\n\t\t\t\t\tsetREVStartSize({c: 'rev_slider_8_2',rl:[1240,1240,778,778],el:[400,400,350,350],gw:[1240,1240,778,778],gh:[400,400,350,350],type:'standard',justify:'',layout:'fullwidth',mh:\"0\"});\n\t\t\t\t\tvar\trevapi8,\n\t\t\t\t\t\ttpj;\n\t\t\t\t\tfunction revinit_revslider82() {\n\t\t\t\t\tjQuery(function() {\n\t\t\t\t\t\ttpj = jQuery;\n\t\t\t\t\t\trevapi8 = tpj(\"#rev_slider_8_2\");\n\t\t\t\t\t\tif(revapi8==undefined || revapi8.revolution == undefined){\n\t\t\t\t\t\t\trevslider_showDoubleJqueryError(\"rev_slider_8_2\");\n\t\t\t\t\t\t}else{\n\t\t\t\t\t\t\trevapi8.revolution({\n\t\t\t\t\t\t\t\tsliderLayout:\"fullwidth\",\n\t\t\t\t\t\t\t\tduration:\"4000ms\",\n\t\t\t\t\t\t\t\tvisibilityLevels:\"1240,1240,778,778\",\n\t\t\t\t\t\t\t\tgridwidth:\"1240,1240,778,778\",\n\t\t\t\t\t\t\t\tgridheight:\"400,400,350,350\",\n\t\t\t\t\t\t\t\tperspective:600,\n\t\t\t\t\t\t\t\tperspectiveType:\"global\",\n\t\t\t\t\t\t\t\teditorheight:\"400,768,350,720\",\n\t\t\t\t\t\t\t\tresponsiveLevels:\"1240,1240,778,778\",\n\t\t\t\t\t\t\t\tprogressBar:{disableProgressBar:true},\n\t\t\t\t\t\t\t\tnavigation: {\n\t\t\t\t\t\t\t\t\tonHoverStop:false\n\t\t\t\t\t\t\t\t},\n\t\t\t\t\t\t\t\tfallbacks: {\n\t\t\t\t\t\t\t\t\tallowHTML5AutoPlayOnAndroid:true\n\t\t\t\t\t\t\t\t},\n\t\t\t\t\t\t\t});\n\t\t\t\t\t\t}\n\t\t\t\t\t\t\n\t\t\t\t\t});\n\t\t\t\t\t} \/\/ End of RevInitScript\n\t\t\t\tif (document.readyState === \"loading\") window.addEventListener('DOMContentLoaded',function() { revinit_revslider82();}); else revinit_revslider82();\n\t\t\t\t<\/script>\n\t\t\t<\/rs-module-wrap>\n\t\t\t<!-- END REVOLUTION SLIDER -->\n\n<\/div>\n<\/div><\/div><\/div><\/div><\/div><div id=\"pg-1673-1\"  class=\"panel-grid panel-has-style\" ><div class=\"siteorigin-panels-stretch kt-panel-row-stretch panel-widget-style panel-row-style panel-row-style-for-1673-1\" style=\"visibility: hidden;\" data-stretch-type=\"full\" ><div id=\"pgc-1673-1-0\"  class=\"panel-grid-cell\" ><div id=\"panel-1673-1-0-0\" class=\"so-panel widget widget_sow-editor panel-first-child panel-last-child\" data-index=\"1\" ><div\n\t\t\t\n\t\t\tclass=\"so-widget-sow-editor so-widget-sow-editor-base\"\n\t\t\t\n\t\t>\n<div class=\"siteorigin-widget-tinymce textwidget\">\n\t<p><span lang=\"ES-TRAD\">At our company we are dedicated to <strong>MANAGING, DIRECTING AND BUILDING<\/strong> any type of project, regardless of its size, from detached houses to complete residential developments, as well as any type of restoration or refurbishment.<\/span><\/p>\n<\/div>\n<\/div><\/div><\/div><\/div><\/div><div id=\"pg-1673-2\"  class=\"panel-grid panel-has-style\" ><div class=\"siteorigin-panels-stretch kt-panel-row-stretch panel-widget-style panel-row-style panel-row-style-for-1673-2\" style=\"visibility: hidden;\" data-stretch-type=\"full\" ><div id=\"pgc-1673-2-0\"  class=\"panel-grid-cell\" ><div id=\"panel-1673-2-0-0\" class=\"so-panel widget widget_sow-features panel-first-child panel-last-child\" data-index=\"2\" ><div\n\t\t\t\n\t\t\tclass=\"so-widget-sow-features so-widget-sow-features-default-e229bdab285a-1673\"\n\t\t\t\n\t\t>\n<div class=\"sow-features-list sow-features-responsive\">\n\n\t\t\t\t\t\t\t\t\t<div\n\t\t\t\tclass=\"sow-features-feature sow-icon-container-position-top sow-features-feature-last-row\"\n\t\t\t\tstyle=\"display: flex; flex-direction: column; width: 100%;\"\n\t\t\t>\n\t\t\t\n\t\t\t\t\t\t\t\t<div\n\t\t\t\t\tclass=\"sow-icon-container sow-container-none\"\n\t\t\t\t\tstyle=\"color: #404040; \"\n\t\t\t\t\t>\n\t\t\t\t\t<span class=\"sow-icon-ionicons\" data-sow-icon=\"&#xf3ed;\"\n\t\tstyle=\"font-size: 60px; color: #ec6906\" \n\t\taria-hidden=\"true\"><\/span>\t\t\t\t<\/div>\n\t\t\t\t\n\t\t\t\t<div class=\"textwidget\">\n\t\t\t\t\t\n\t\t\t\t\t\t\t\t\t\t\t<h5>\n\t\t\t\t\t\t\t\n\t\t\t\t\t\t\tBuilding\t\t\t\t\t\t\t\t\t\t\t\t\t<\/h5>\n\t\t\t\t\t\n\t\t\t\t\t\t\t\t\t\t\t<p><span lang=\"ES-TRAD\">We will take care of building your project, on a turnkey basis, whatever its scope.<\/span><\/p>\n\t\t\t\t\t\n\t\t\t\t\t\t\t\t\t<\/div>\n\t\t\t\t\t\t\t\t\n\t\t\t\t\t\t\t<\/div>\n\n\t\t\t\n<\/div>\n<\/div><\/div><\/div><div id=\"pgc-1673-2-1\"  class=\"panel-grid-cell\" ><div id=\"panel-1673-2-1-0\" class=\"so-panel widget widget_sow-features panel-first-child panel-last-child\" data-index=\"3\" ><div\n\t\t\t\n\t\t\tclass=\"so-widget-sow-features so-widget-sow-features-default-e229bdab285a-1673\"\n\t\t\t\n\t\t>\n<div class=\"sow-features-list sow-features-responsive\">\n\n\t\t\t\t\t\t\t\t\t<div\n\t\t\t\tclass=\"sow-features-feature sow-icon-container-position-top sow-features-feature-last-row\"\n\t\t\t\tstyle=\"display: flex; flex-direction: column; width: 100%;\"\n\t\t\t>\n\t\t\t\n\t\t\t\t\t\t\t\t<div\n\t\t\t\t\tclass=\"sow-icon-container sow-container-none\"\n\t\t\t\t\tstyle=\"color: #404040; \"\n\t\t\t\t\t>\n\t\t\t\t\t<span class=\"sow-icon-ionicons\" data-sow-icon=\"&#xf47b;\"\n\t\tstyle=\"font-size: 60px; color: #ec6906\" \n\t\taria-hidden=\"true\"><\/span>\t\t\t\t<\/div>\n\t\t\t\t\n\t\t\t\t<div class=\"textwidget\">\n\t\t\t\t\t\n\t\t\t\t\t\t\t\t\t\t\t<h5>\n\t\t\t\t\t\t\t\n\t\t\t\t\t\t\tBuilding\t\t\t\t\t\t\t\t\t\t\t\t\t<\/h5>\n\t\t\t\t\t\n\t\t\t\t\t\t\t\t\t\t\t<p><span lang=\"ES-TRAD\">We will take care of building your project, on a turnkey basis, whatever its scope.<\/span><\/p>\n\t\t\t\t\t\n\t\t\t\t\t\t\t\t\t<\/div>\n\t\t\t\t\t\t\t\t\n\t\t\t\t\t\t\t<\/div>\n\n\t\t\t\n<\/div>\n<\/div><\/div><\/div><div id=\"pgc-1673-2-2\"  class=\"panel-grid-cell\" ><div id=\"panel-1673-2-2-0\" class=\"so-panel widget widget_sow-features panel-first-child panel-last-child\" data-index=\"4\" ><div\n\t\t\t\n\t\t\tclass=\"so-widget-sow-features so-widget-sow-features-default-e229bdab285a-1673\"\n\t\t\t\n\t\t>\n<div class=\"sow-features-list sow-features-responsive\">\n\n\t\t\t\t\t\t\t\t\t<div\n\t\t\t\tclass=\"sow-features-feature sow-icon-container-position-top sow-features-feature-last-row\"\n\t\t\t\tstyle=\"display: flex; flex-direction: column; width: 100%;\"\n\t\t\t>\n\t\t\t\n\t\t\t\t\t\t\t\t<div\n\t\t\t\t\tclass=\"sow-icon-container sow-container-none\"\n\t\t\t\t\tstyle=\"color: #404040; \"\n\t\t\t\t\t>\n\t\t\t\t\t<span class=\"sow-icon-ionicons\" data-sow-icon=\"&#xf447;\"\n\t\tstyle=\"font-size: 60px; color: #ec6906\" \n\t\taria-hidden=\"true\"><\/span>\t\t\t\t<\/div>\n\t\t\t\t\n\t\t\t\t<div class=\"textwidget\">\n\t\t\t\t\t\n\t\t\t\t\t\t\t\t\t\t\t<h5>\n\t\t\t\t\t\t\t\n\t\t\t\t\t\t\tBuilding\t\t\t\t\t\t\t\t\t\t\t\t\t<\/h5>\n\t\t\t\t\t\n\t\t\t\t\t\t\t\t\t\t\t<p><span lang=\"ES-TRAD\">We will take care of building your project, on a turnkey basis, whatever its scope.<\/span><\/p>\n\t\t\t\t\t\n\t\t\t\t\t\t\t\t\t<\/div>\n\t\t\t\t\t\t\t\t\n\t\t\t\t\t\t\t<\/div>\n\n\t\t\t\n<\/div>\n<\/div><\/div><\/div><\/div><\/div><div id=\"pg-1673-3\"  class=\"panel-grid panel-has-style\" ><div class=\"siteorigin-panels-stretch kt-panel-row-stretch panel-widget-style panel-row-style panel-row-style-for-1673-3\" style=\"visibility: hidden;\" data-stretch-type=\"full\" ><div id=\"pgc-1673-3-0\"  class=\"panel-grid-cell\" ><div id=\"panel-1673-3-0-0\" class=\"so-panel widget widget_sow-editor panel-first-child panel-last-child\" data-index=\"5\" ><div\n\t\t\t\n\t\t\tclass=\"so-widget-sow-editor so-widget-sow-editor-base\"\n\t\t\t\n\t\t>\n<div class=\"siteorigin-widget-tinymce textwidget\">\n\t<h4><span style=\"color: #084e59;\"><strong>SPIDIA: EFFICIENT AND SUSTAINABLE CONSTRUCTION<\/strong><\/span><\/h4>\n<\/div>\n<\/div><\/div><\/div><div id=\"pgc-1673-3-1\"  class=\"panel-grid-cell\" ><div id=\"panel-1673-3-1-0\" class=\"so-panel widget widget_sow-editor panel-first-child panel-last-child\" data-index=\"6\" ><div\n\t\t\t\n\t\t\tclass=\"so-widget-sow-editor so-widget-sow-editor-base\"\n\t\t\t\n\t\t>\n<div class=\"siteorigin-widget-tinymce textwidget\">\n\t<p><span lang=\"ES-TRAD\">At SPIDIA, we stand for special respect and commitment towards the environment, focusing on the efficient use of energy and water. Our greatest purpose is for our buildings and infrastructures to have the very best features, offering maximum comfort and maximum energy efficiency, resulting in the improved well-being of the final users, thanks to the use of resources and materials that are not harmful to the environment.<\/span><\/p>\n<\/div>\n<\/div><\/div><\/div><\/div><\/div><\/div>","protected":false},"excerpt":{"rendered":"<p>At our company we are dedicated to MANAGING, DIRECTING AND BUILDING any type of project, regardless of its size, from detached houses to complete residential developments, as well as any type of restoration or refurbishment.<\/p>\n","protected":false},"author":1,"featured_media":0,"parent":0,"menu_order":0,"comment_status":"closed","ping_status":"closed","template":"page-fullwidth.php","meta":{"_monsterinsights_skip_tracking":false,"_monsterinsights_sitenote_active":false,"_monsterinsights_sitenote_note":"","_monsterinsights_sitenote_category":0,"footnotes":""},"class_list":["post-1673","page","type-page","status-publish","hentry"],"yoast_head":"<!-- This site is optimized with the Yoast SEO plugin v20.7 - https:\/\/yoast.com\/wordpress\/plugins\/seo\/ -->\n<title>Construction - Spidia<\/title>\n<meta name=\"description\" content=\"WE MANAGE, DIRECT AND BUILD any type of project, regardless of its size, from detached houses to residential developments\" \/>\n<meta name=\"robots\" content=\"index, follow, max-snippet:-1, max-image-preview:large, max-video-preview:-1\" \/>\n<link rel=\"canonical\" href=\"https:\/\/spidiaplaya.com\/construccion\/\" \/>\n<meta property=\"og:locale\" content=\"en_US\" \/>\n<meta property=\"og:type\" content=\"article\" \/>\n<meta property=\"og:title\" content=\"Construction - Spidia\" \/>\n<meta property=\"og:description\" content=\"WE MANAGE, DIRECT AND BUILD any type of project, regardless of its size, from detached houses to residential developments\" \/>\n<meta property=\"og:url\" content=\"https:\/\/spidiaplaya.com\/construccion\/\" \/>\n<meta property=\"og:site_name\" content=\"Spidia\" \/>\n<meta name=\"twitter:card\" content=\"summary_large_image\" \/>\n<script type=\"application\/ld+json\" class=\"yoast-schema-graph\">{\"@context\":\"https:\/\/schema.org\",\"@graph\":[{\"@type\":\"WebPage\",\"@id\":\"https:\/\/spidiaplaya.com\/construccion\/\",\"url\":\"https:\/\/spidiaplaya.com\/construccion\/\",\"name\":\"Construction - Spidia\",\"isPartOf\":{\"@id\":\"https:\/\/spidiaplaya.com\/#website\"},\"datePublished\":\"2021-07-06T13:18:13+00:00\",\"dateModified\":\"2021-07-06T13:18:13+00:00\",\"description\":\"WE MANAGE, DIRECT AND BUILD any type of project, regardless of its size, from detached houses to residential developments\",\"breadcrumb\":{\"@id\":\"https:\/\/spidiaplaya.com\/construccion\/#breadcrumb\"},\"inLanguage\":\"en-US\",\"potentialAction\":[{\"@type\":\"ReadAction\",\"target\":[\"https:\/\/spidiaplaya.com\/construccion\/\"]}]},{\"@type\":\"BreadcrumbList\",\"@id\":\"https:\/\/spidiaplaya.com\/construccion\/#breadcrumb\",\"itemListElement\":[{\"@type\":\"ListItem\",\"position\":1,\"name\":\"Portada\",\"item\":\"https:\/\/spidiaplaya.com\/en\/home\/\"},{\"@type\":\"ListItem\",\"position\":2,\"name\":\"Construction\"}]},{\"@type\":\"WebSite\",\"@id\":\"https:\/\/spidiaplaya.com\/#website\",\"url\":\"https:\/\/spidiaplaya.com\/\",\"name\":\"Spidia\",\"description\":\"Empresa familiar, experimentada en el mundo inmobiliario, de la construcci\u00f3n y la gesti\u00f3n empresarial en el municipio de \u00c1guilas y sus alrededores.\",\"publisher\":{\"@id\":\"https:\/\/spidiaplaya.com\/#organization\"},\"potentialAction\":[{\"@type\":\"SearchAction\",\"target\":{\"@type\":\"EntryPoint\",\"urlTemplate\":\"https:\/\/spidiaplaya.com\/?s={search_term_string}\"},\"query-input\":\"required name=search_term_string\"}],\"inLanguage\":\"en-US\"},{\"@type\":\"Organization\",\"@id\":\"https:\/\/spidiaplaya.com\/#organization\",\"name\":\"Spidia\",\"url\":\"https:\/\/spidiaplaya.com\/\",\"logo\":{\"@type\":\"ImageObject\",\"inLanguage\":\"en-US\",\"@id\":\"https:\/\/spidiaplaya.com\/#\/schema\/logo\/image\/\",\"url\":\"https:\/\/spidiaplaya.com\/wp-content\/uploads\/2021\/07\/spidia_horiz_inmo.png\",\"contentUrl\":\"https:\/\/spidiaplaya.com\/wp-content\/uploads\/2021\/07\/spidia_horiz_inmo.png\",\"width\":2598,\"height\":945,\"caption\":\"Spidia\"},\"image\":{\"@id\":\"https:\/\/spidiaplaya.com\/#\/schema\/logo\/image\/\"}}]}<\/script>\n<!-- \/ Yoast SEO plugin. -->","yoast_head_json":{"title":"Construction - Spidia","description":"WE MANAGE, DIRECT AND BUILD any type of project, regardless of its size, from detached houses to residential developments","robots":{"index":"index","follow":"follow","max-snippet":"max-snippet:-1","max-image-preview":"max-image-preview:large","max-video-preview":"max-video-preview:-1"},"canonical":"https:\/\/spidiaplaya.com\/construccion\/","og_locale":"en_US","og_type":"article","og_title":"Construction - Spidia","og_description":"WE MANAGE, DIRECT AND BUILD any type of project, regardless of its size, from detached houses to residential developments","og_url":"https:\/\/spidiaplaya.com\/construccion\/","og_site_name":"Spidia","twitter_card":"summary_large_image","schema":{"@context":"https:\/\/schema.org","@graph":[{"@type":"WebPage","@id":"https:\/\/spidiaplaya.com\/construccion\/","url":"https:\/\/spidiaplaya.com\/construccion\/","name":"Construction - Spidia","isPartOf":{"@id":"https:\/\/spidiaplaya.com\/#website"},"datePublished":"2021-07-06T13:18:13+00:00","dateModified":"2021-07-06T13:18:13+00:00","description":"WE MANAGE, DIRECT AND BUILD any type of project, regardless of its size, from detached houses to residential developments","breadcrumb":{"@id":"https:\/\/spidiaplaya.com\/construccion\/#breadcrumb"},"inLanguage":"en-US","potentialAction":[{"@type":"ReadAction","target":["https:\/\/spidiaplaya.com\/construccion\/"]}]},{"@type":"BreadcrumbList","@id":"https:\/\/spidiaplaya.com\/construccion\/#breadcrumb","itemListElement":[{"@type":"ListItem","position":1,"name":"Portada","item":"https:\/\/spidiaplaya.com\/en\/home\/"},{"@type":"ListItem","position":2,"name":"Construction"}]},{"@type":"WebSite","@id":"https:\/\/spidiaplaya.com\/#website","url":"https:\/\/spidiaplaya.com\/","name":"Spidia","description":"Empresa familiar, experimentada en el mundo inmobiliario, de la construcci\u00f3n y la gesti\u00f3n empresarial en el municipio de \u00c1guilas y sus alrededores.","publisher":{"@id":"https:\/\/spidiaplaya.com\/#organization"},"potentialAction":[{"@type":"SearchAction","target":{"@type":"EntryPoint","urlTemplate":"https:\/\/spidiaplaya.com\/?s={search_term_string}"},"query-input":"required name=search_term_string"}],"inLanguage":"en-US"},{"@type":"Organization","@id":"https:\/\/spidiaplaya.com\/#organization","name":"Spidia","url":"https:\/\/spidiaplaya.com\/","logo":{"@type":"ImageObject","inLanguage":"en-US","@id":"https:\/\/spidiaplaya.com\/#\/schema\/logo\/image\/","url":"https:\/\/spidiaplaya.com\/wp-content\/uploads\/2021\/07\/spidia_horiz_inmo.png","contentUrl":"https:\/\/spidiaplaya.com\/wp-content\/uploads\/2021\/07\/spidia_horiz_inmo.png","width":2598,"height":945,"caption":"Spidia"},"image":{"@id":"https:\/\/spidiaplaya.com\/#\/schema\/logo\/image\/"}}]}},"_links":{"self":[{"href":"https:\/\/spidiaplaya.com\/en\/wp-json\/wp\/v2\/pages\/1673","targetHints":{"allow":["GET"]}}],"collection":[{"href":"https:\/\/spidiaplaya.com\/en\/wp-json\/wp\/v2\/pages"}],"about":[{"href":"https:\/\/spidiaplaya.com\/en\/wp-json\/wp\/v2\/types\/page"}],"author":[{"embeddable":true,"href":"https:\/\/spidiaplaya.com\/en\/wp-json\/wp\/v2\/users\/1"}],"replies":[{"embeddable":true,"href":"https:\/\/spidiaplaya.com\/en\/wp-json\/wp\/v2\/comments?post=1673"}],"version-history":[{"count":0,"href":"https:\/\/spidiaplaya.com\/en\/wp-json\/wp\/v2\/pages\/1673\/revisions"}],"wp:attachment":[{"href":"https:\/\/spidiaplaya.com\/en\/wp-json\/wp\/v2\/media?parent=1673"}],"curies":[{"name":"wp","href":"https:\/\/api.w.org\/{rel}","templated":true}]}}