{"id":1668,"date":"2021-07-06T15:19:25","date_gmt":"2021-07-06T13:19:25","guid":{"rendered":"https:\/\/spidiaplaya.com\/contact\/"},"modified":"2023-05-23T19:14:24","modified_gmt":"2023-05-23T17:14:24","slug":"contact","status":"publish","type":"page","link":"https:\/\/spidiaplaya.com\/en\/contact\/","title":{"rendered":"Contact us"},"content":{"rendered":"<div id=\"pl-1668\"  class=\"panel-layout\" ><div id=\"pg-1668-0\"  class=\"panel-grid panel-has-style\" ><div class=\"siteorigin-panels-stretch kt-panel-row-full-stretch panel-row-style panel-row-style-for-1668-0\" style=\"visibility: hidden;\" data-stretch-type=\"full-stretched\" ><div id=\"pgc-1668-0-0\"  class=\"panel-grid-cell\" ><div id=\"panel-1668-0-0-0\" class=\"so-panel widget widget_sow-editor panel-first-child panel-last-child\" data-index=\"0\" ><div\n\t\t\t\n\t\t\tclass=\"so-widget-sow-editor so-widget-sow-editor-base\"\n\t\t\t\n\t\t>\n<div class=\"siteorigin-widget-tinymce textwidget\">\n\t\n\t\t\t<!-- START Contacto REVOLUTION SLIDER 6.2.21 --><p class=\"rs-p-wp-fix\"><\/p>\n\t\t\t<rs-module-wrap id=\"rev_slider_4_2_wrapper\" data-source=\"gallery\" style=\"background:transparent;padding:0;margin:0px auto;margin-top:0;margin-bottom:0;\">\n\t\t\t\t<rs-module id=\"rev_slider_4_2\" style=\"\" data-version=\"6.2.21\">\n\t\t\t\t\t<rs-slides>\n\t\t\t\t\t\t<rs-slide data-key=\"rs-40\" data-title=\"Slide\" data-anim=\"ei:d;eo:d;s:1000;r:0;t:fade;sl:0;\" data-firstanim=\"t:notransition;s:300;sl:7;\">\n\t\t\t\t\t\t\t<img loading=\"lazy\" decoding=\"async\" src=\"\/\/spidiaplaya.com\/wp-content\/uploads\/2021\/07\/slider-terraza-1.jpg\" alt=\"spidia playa\" title=\"slider-terraza\" width=\"1601\" height=\"961\" class=\"rev-slidebg\" data-no-retina>\n<!--\n\t\t\t\t\t\t\t--><h1\n\t\t\t\t\t\t\t\tid=\"slider-4-slide-40-layer-5\" \n\t\t\t\t\t\t\t\tclass=\"rs-layer\"\n\t\t\t\t\t\t\t\tdata-type=\"text\"\n\t\t\t\t\t\t\t\tdata-rsp_ch=\"on\"\n\t\t\t\t\t\t\t\tdata-xy=\"xo:20px,20px,30px,30px;y:b;yo:70px,70px,43px,43px;\"\n\t\t\t\t\t\t\t\tdata-text=\"w:normal;s:64,64,70,70;l:80,80,70,70;fw:900;\"\n\t\t\t\t\t\t\t\tdata-frame_0=\"x:175%;o:1;\"\n\t\t\t\t\t\t\t\tdata-frame_0_mask=\"u:t;x:-100%;\"\n\t\t\t\t\t\t\t\tdata-frame_1=\"e:power3.out;st:440;sp:1500;sR:440;\"\n\t\t\t\t\t\t\t\tdata-frame_1_mask=\"u:t;\"\n\t\t\t\t\t\t\t\tdata-frame_999=\"o:0;st:w;sR:3560;\"\n\t\t\t\t\t\t\t\tstyle=\"z-index:9;font-family:Roboto;\"\n\t\t\t\t\t\t\t>Contact \n\t\t\t\t\t\t\t<\/h1><!--\n\n\t\t\t\t\t\t\t--><rs-layer\n\t\t\t\t\t\t\t\tid=\"slider-4-slide-40-layer-6\" \n\t\t\t\t\t\t\t\tdata-type=\"shape\"\n\t\t\t\t\t\t\t\tdata-rsp_ch=\"on\"\n\t\t\t\t\t\t\t\tdata-text=\"w:normal;s:20,20,12,12;l:0,0,15,15;\"\n\t\t\t\t\t\t\t\tdata-dim=\"w:100%;h:100%;\"\n\t\t\t\t\t\t\t\tdata-basealign=\"slide\"\n\t\t\t\t\t\t\t\tdata-frame_999=\"o:0;st:w;sR:4700;\"\n\t\t\t\t\t\t\t\tstyle=\"z-index:8;background-color:rgba(0,0,0,0.2);\"\n\t\t\t\t\t\t\t> \n\t\t\t\t\t\t\t<\/rs-layer><!--\n-->\t\t\t\t\t\t<\/rs-slide>\n\t\t\t\t\t<\/rs-slides>\n\t\t\t\t\t<rs-static-layers><!--\n\t\t\t\t\t--><\/rs-static-layers>\n\t\t\t\t<\/rs-module>\n\t\t\t\t<script type=\"text\/javascript\">\n\t\t\t\t\tsetREVStartSize({c: 'rev_slider_4_2',rl:[1240,1240,778,778],el:[400,400,350,350],gw:[1240,1240,778,778],gh:[400,400,350,350],type:'standard',justify:'',layout:'fullwidth',mh:\"0\"});\n\t\t\t\t\tvar\trevapi4,\n\t\t\t\t\t\ttpj;\n\t\t\t\t\tfunction revinit_revslider42() {\n\t\t\t\t\tjQuery(function() {\n\t\t\t\t\t\ttpj = jQuery;\n\t\t\t\t\t\trevapi4 = tpj(\"#rev_slider_4_2\");\n\t\t\t\t\t\tif(revapi4==undefined || revapi4.revolution == undefined){\n\t\t\t\t\t\t\trevslider_showDoubleJqueryError(\"rev_slider_4_2\");\n\t\t\t\t\t\t}else{\n\t\t\t\t\t\t\trevapi4.revolution({\n\t\t\t\t\t\t\t\tsliderLayout:\"fullwidth\",\n\t\t\t\t\t\t\t\tduration:\"4000ms\",\n\t\t\t\t\t\t\t\tvisibilityLevels:\"1240,1240,778,778\",\n\t\t\t\t\t\t\t\tgridwidth:\"1240,1240,778,778\",\n\t\t\t\t\t\t\t\tgridheight:\"400,400,350,350\",\n\t\t\t\t\t\t\t\tperspective:600,\n\t\t\t\t\t\t\t\tperspectiveType:\"global\",\n\t\t\t\t\t\t\t\teditorheight:\"400,768,350,720\",\n\t\t\t\t\t\t\t\tresponsiveLevels:\"1240,1240,778,778\",\n\t\t\t\t\t\t\t\tprogressBar:{disableProgressBar:true},\n\t\t\t\t\t\t\t\tnavigation: {\n\t\t\t\t\t\t\t\t\tonHoverStop:false\n\t\t\t\t\t\t\t\t},\n\t\t\t\t\t\t\t\tfallbacks: {\n\t\t\t\t\t\t\t\t\tallowHTML5AutoPlayOnAndroid:true\n\t\t\t\t\t\t\t\t},\n\t\t\t\t\t\t\t});\n\t\t\t\t\t\t}\n\t\t\t\t\t\t\n\t\t\t\t\t});\n\t\t\t\t\t} \/\/ End of RevInitScript\n\t\t\t\tif (document.readyState === \"loading\") window.addEventListener('DOMContentLoaded',function() { revinit_revslider42();}); else revinit_revslider42();\n\t\t\t\t<\/script>\n\t\t\t<\/rs-module-wrap>\n\t\t\t<!-- END REVOLUTION SLIDER -->\n\n<\/div>\n<\/div><\/div><\/div><\/div><\/div><div id=\"pg-1668-1\"  class=\"panel-grid panel-has-style\" ><div class=\"panel-widget-style panel-row-style panel-row-style-for-1668-1\" ><div id=\"pgc-1668-1-0\"  class=\"panel-grid-cell\" ><div id=\"panel-1668-1-0-0\" class=\"so-panel widget widget_sow-editor panel-first-child panel-last-child\" data-index=\"1\" ><div\n\t\t\t\n\t\t\tclass=\"so-widget-sow-editor so-widget-sow-editor-base\"\n\t\t\t\n\t\t>\n<div class=\"siteorigin-widget-tinymce textwidget\">\n\t<h4><span style=\"color: #084e59;\"><strong>If you have any questions, please do not hesitate to contact us.<\/strong><\/span><\/h4>\n<\/div>\n<\/div><\/div><\/div><div id=\"pgc-1668-1-1\"  class=\"panel-grid-cell\" ><div id=\"panel-1668-1-1-0\" class=\"so-panel widget widget_sow-editor panel-first-child panel-last-child\" data-index=\"2\" ><div\n\t\t\t\n\t\t\tclass=\"so-widget-sow-editor so-widget-sow-editor-base\"\n\t\t\t\n\t\t>\n<div class=\"siteorigin-widget-tinymce textwidget\">\n\t\n<div class=\"wpcf7 no-js\" id=\"wpcf7-f1675-o2\" lang=\"en-US\" dir=\"ltr\" data-wpcf7-id=\"1675\">\n<div class=\"screen-reader-response\"><p role=\"status\" aria-live=\"polite\" aria-atomic=\"true\"><\/p> <ul><\/ul><\/div>\n<form action=\"\/en\/wp-json\/wp\/v2\/pages\/1668#wpcf7-f1675-o2\" method=\"post\" class=\"wpcf7-form init\" aria-label=\"Contact form\" novalidate=\"novalidate\" data-status=\"init\">\n<fieldset class=\"hidden-fields-container\"><input type=\"hidden\" name=\"_wpcf7\" value=\"1675\" \/><input type=\"hidden\" name=\"_wpcf7_version\" value=\"6.1.5\" \/><input type=\"hidden\" name=\"_wpcf7_locale\" value=\"en_US\" \/><input type=\"hidden\" name=\"_wpcf7_unit_tag\" value=\"wpcf7-f1675-o2\" \/><input type=\"hidden\" name=\"_wpcf7_container_post\" value=\"0\" \/><input type=\"hidden\" name=\"_wpcf7_posted_data_hash\" value=\"\" \/>\n<\/fieldset>\n<p><span class=\"wpcf7-form-control-wrap\" data-name=\"your-name\"><input size=\"40\" maxlength=\"400\" class=\"wpcf7-form-control wpcf7-text wpcf7-validates-as-required\" aria-required=\"true\" aria-invalid=\"false\" placeholder=\"Name *\" value=\"\" type=\"text\" name=\"your-name\" \/><\/span>\n<\/p>\n<p><span class=\"wpcf7-form-control-wrap\" data-name=\"your-surname\"><input size=\"40\" maxlength=\"400\" class=\"wpcf7-form-control wpcf7-text wpcf7-validates-as-required\" aria-required=\"true\" aria-invalid=\"false\" placeholder=\"Surname\/s *\" value=\"\" type=\"text\" name=\"your-surname\" \/><\/span>\n<\/p>\n<p><span class=\"wpcf7-form-control-wrap\" data-name=\"your-email\"><input size=\"40\" maxlength=\"400\" class=\"wpcf7-form-control wpcf7-email wpcf7-validates-as-required wpcf7-text wpcf7-validates-as-email\" aria-required=\"true\" aria-invalid=\"false\" placeholder=\"Email *\" value=\"\" type=\"email\" name=\"your-email\" \/><\/span>\n<\/p>\n<p><span class=\"wpcf7-form-control-wrap\" data-name=\"tel-679\"><input size=\"40\" maxlength=\"400\" class=\"wpcf7-form-control wpcf7-tel wpcf7-validates-as-required wpcf7-text wpcf7-validates-as-tel\" aria-required=\"true\" aria-invalid=\"false\" placeholder=\"Telephone number *\" value=\"\" type=\"tel\" name=\"tel-679\" \/><\/span>\n<\/p>\n<p><span class=\"wpcf7-form-control-wrap\" data-name=\"your-message\"><textarea cols=\"40\" rows=\"5\" maxlength=\"2000\" class=\"wpcf7-form-control wpcf7-textarea\" aria-invalid=\"false\" placeholder=\"Message\" name=\"your-message\"><\/textarea><\/span><span id=\"wpcf7-69e7b8c3496d8-wrapper\" class=\"wpcf7-form-control-wrap email-wrap\" style=\"display:none !important; visibility:hidden !important;\"><label for=\"wpcf7-69e7b8c3496d8-field\" class=\"hp-message\">Please leave this field empty.<\/label><input id=\"wpcf7-69e7b8c3496d8-field\"  class=\"wpcf7-form-control wpcf7-text\" type=\"text\" name=\"email\" value=\"\" size=\"40\" tabindex=\"-1\" autocomplete=\"new-password\" \/><\/span>\n<\/p>\n<p><a href=\"#\" data-toggle=\"modal\" data-target=\"#exampleModal\">Information on data protection<\/a><br \/>\n<span class=\"wpcf7-form-control-wrap\" data-name=\"acceptance-500\"><span class=\"wpcf7-form-control wpcf7-acceptance\"><span class=\"wpcf7-list-item\"><input type=\"checkbox\" name=\"acceptance-500\" value=\"1\" aria-invalid=\"false\" \/><\/span><\/span><\/span> I have read and accept the <a href=\"https:\/\/spidiaplaya.com\/politica-privacidad\/\" target=\"_blank\">Privacy policy<\/a>\n<\/p>\n<p><input class=\"wpcf7-form-control wpcf7-submit has-spinner\" type=\"submit\" value=\"Send\" \/>\n<\/p>\n\n<!-- Modal -->\n<div class=\"modal fade\" id=\"exampleModal\" tabindex=\"-1\" role=\"dialog\" aria-labelledby=\"exampleModalLabel\" aria-hidden=\"true\">\n\t<div class=\"modal-dialog modal-dialog-centered\" role=\"document\">\n\t\t<div class=\"modal-content\">\n\t\t\t<div class=\"modal-header\">\n\t\t\t\t<h4 class=\"modal-title\" id=\"exampleModalLabel\">Basic information on data protection\n\t\t\t\t<\/h4>\n\t\t\t<\/div>\n\t\t\t<div class=\"modal-body\">\n\t\t\t\t<p><strong>Data controller:<\/strong> Spidia.<br \/>\n<strong>Purpose:<\/strong> To answer form requests.<br \/>\n<strong>Legal basis:<\/strong> Your express consent.<br \/>\n<strong>Recipient:<\/strong> Spidia. Data will not be disclosed to third parties, unless we are legally obliged to do so.<br \/>\n<strong>Rights:<\/strong> Access, rectification, deletion, anonymity, portability and the right for your data to be forgotten.\n\t\t\t\t<\/p>\n\t\t\t<\/div>\n\t\t\t<div class=\"modal-footer\">\n\t\t\t\t<p><button type=\"button\" class=\"btn btn-secondary\" data-dismiss=\"modal\">Close<\/button>\n\t\t\t\t<\/p>\n\t\t\t<\/div>\n\t\t<\/div>\n\t<\/div>\n<\/div><div class=\"wpcf7-response-output\" aria-hidden=\"true\"><\/div>\n<\/form>\n<\/div>\n\n<\/div>\n<\/div><\/div><\/div><\/div><\/div><\/div>","protected":false},"excerpt":{"rendered":"<p>If you have any questions, please do not hesitate to contact us.<\/p>\n","protected":false},"author":1,"featured_media":0,"parent":0,"menu_order":0,"comment_status":"closed","ping_status":"closed","template":"page-fullwidth.php","meta":{"_monsterinsights_skip_tracking":false,"_monsterinsights_sitenote_active":false,"_monsterinsights_sitenote_note":"","_monsterinsights_sitenote_category":0,"footnotes":""},"class_list":["post-1668","page","type-page","status-publish","hentry"],"yoast_head":"<!-- This site is optimized with the Yoast SEO plugin v20.7 - https:\/\/yoast.com\/wordpress\/plugins\/seo\/ -->\n<title>Contact us - Spidia<\/title>\n<meta name=\"description\" content=\"Contact us - Empresa familiar, experimentada en el mundo inmobiliario, de la construcci\u00f3n y la gesti\u00f3n empresarial en el municipio de \u00c1guilas y sus alrededores.\" \/>\n<meta name=\"robots\" content=\"index, follow, max-snippet:-1, max-image-preview:large, max-video-preview:-1\" \/>\n<link rel=\"canonical\" href=\"https:\/\/spidiaplaya.com\/en\/contact\/\" \/>\n<meta property=\"og:locale\" content=\"en_US\" \/>\n<meta property=\"og:type\" content=\"article\" \/>\n<meta property=\"og:title\" content=\"Contact us - Spidia\" \/>\n<meta property=\"og:description\" content=\"Contact us - Empresa familiar, experimentada en el mundo inmobiliario, de la construcci\u00f3n y la gesti\u00f3n empresarial en el municipio de \u00c1guilas y sus alrededores.\" \/>\n<meta property=\"og:url\" content=\"https:\/\/spidiaplaya.com\/en\/contact\/\" \/>\n<meta property=\"og:site_name\" content=\"Spidia\" \/>\n<meta property=\"article:modified_time\" content=\"2023-05-23T17:14:24+00:00\" \/>\n<meta name=\"twitter:card\" content=\"summary_large_image\" \/>\n<script type=\"application\/ld+json\" class=\"yoast-schema-graph\">{\"@context\":\"https:\/\/schema.org\",\"@graph\":[{\"@type\":\"WebPage\",\"@id\":\"https:\/\/spidiaplaya.com\/en\/contact\/\",\"url\":\"https:\/\/spidiaplaya.com\/en\/contact\/\",\"name\":\"Contact us - Spidia\",\"isPartOf\":{\"@id\":\"https:\/\/spidiaplaya.com\/#website\"},\"datePublished\":\"2021-07-06T13:19:25+00:00\",\"dateModified\":\"2023-05-23T17:14:24+00:00\",\"description\":\"Contact us - Empresa familiar, experimentada en el mundo inmobiliario, de la construcci\u00f3n y la gesti\u00f3n empresarial en el municipio de \u00c1guilas y sus alrededores.\",\"breadcrumb\":{\"@id\":\"https:\/\/spidiaplaya.com\/en\/contact\/#breadcrumb\"},\"inLanguage\":\"en-US\",\"potentialAction\":[{\"@type\":\"ReadAction\",\"target\":[\"https:\/\/spidiaplaya.com\/en\/contact\/\"]}]},{\"@type\":\"BreadcrumbList\",\"@id\":\"https:\/\/spidiaplaya.com\/en\/contact\/#breadcrumb\",\"itemListElement\":[{\"@type\":\"ListItem\",\"position\":1,\"name\":\"Portada\",\"item\":\"https:\/\/spidiaplaya.com\/en\/home\/\"},{\"@type\":\"ListItem\",\"position\":2,\"name\":\"Contact us\"}]},{\"@type\":\"WebSite\",\"@id\":\"https:\/\/spidiaplaya.com\/#website\",\"url\":\"https:\/\/spidiaplaya.com\/\",\"name\":\"Spidia\",\"description\":\"Empresa familiar, experimentada en el mundo inmobiliario, de la construcci\u00f3n y la gesti\u00f3n empresarial en el municipio de \u00c1guilas y sus alrededores.\",\"publisher\":{\"@id\":\"https:\/\/spidiaplaya.com\/#organization\"},\"potentialAction\":[{\"@type\":\"SearchAction\",\"target\":{\"@type\":\"EntryPoint\",\"urlTemplate\":\"https:\/\/spidiaplaya.com\/?s={search_term_string}\"},\"query-input\":\"required name=search_term_string\"}],\"inLanguage\":\"en-US\"},{\"@type\":\"Organization\",\"@id\":\"https:\/\/spidiaplaya.com\/#organization\",\"name\":\"Spidia\",\"url\":\"https:\/\/spidiaplaya.com\/\",\"logo\":{\"@type\":\"ImageObject\",\"inLanguage\":\"en-US\",\"@id\":\"https:\/\/spidiaplaya.com\/#\/schema\/logo\/image\/\",\"url\":\"https:\/\/spidiaplaya.com\/wp-content\/uploads\/2021\/07\/spidia_horiz_inmo.png\",\"contentUrl\":\"https:\/\/spidiaplaya.com\/wp-content\/uploads\/2021\/07\/spidia_horiz_inmo.png\",\"width\":2598,\"height\":945,\"caption\":\"Spidia\"},\"image\":{\"@id\":\"https:\/\/spidiaplaya.com\/#\/schema\/logo\/image\/\"}}]}<\/script>\n<!-- \/ Yoast SEO plugin. -->","yoast_head_json":{"title":"Contact us - Spidia","description":"Contact us - Empresa familiar, experimentada en el mundo inmobiliario, de la construcci\u00f3n y la gesti\u00f3n empresarial en el municipio de \u00c1guilas y sus alrededores.","robots":{"index":"index","follow":"follow","max-snippet":"max-snippet:-1","max-image-preview":"max-image-preview:large","max-video-preview":"max-video-preview:-1"},"canonical":"https:\/\/spidiaplaya.com\/en\/contact\/","og_locale":"en_US","og_type":"article","og_title":"Contact us - Spidia","og_description":"Contact us - Empresa familiar, experimentada en el mundo inmobiliario, de la construcci\u00f3n y la gesti\u00f3n empresarial en el municipio de \u00c1guilas y sus alrededores.","og_url":"https:\/\/spidiaplaya.com\/en\/contact\/","og_site_name":"Spidia","article_modified_time":"2023-05-23T17:14:24+00:00","twitter_card":"summary_large_image","schema":{"@context":"https:\/\/schema.org","@graph":[{"@type":"WebPage","@id":"https:\/\/spidiaplaya.com\/en\/contact\/","url":"https:\/\/spidiaplaya.com\/en\/contact\/","name":"Contact us - Spidia","isPartOf":{"@id":"https:\/\/spidiaplaya.com\/#website"},"datePublished":"2021-07-06T13:19:25+00:00","dateModified":"2023-05-23T17:14:24+00:00","description":"Contact us - Empresa familiar, experimentada en el mundo inmobiliario, de la construcci\u00f3n y la gesti\u00f3n empresarial en el municipio de \u00c1guilas y sus alrededores.","breadcrumb":{"@id":"https:\/\/spidiaplaya.com\/en\/contact\/#breadcrumb"},"inLanguage":"en-US","potentialAction":[{"@type":"ReadAction","target":["https:\/\/spidiaplaya.com\/en\/contact\/"]}]},{"@type":"BreadcrumbList","@id":"https:\/\/spidiaplaya.com\/en\/contact\/#breadcrumb","itemListElement":[{"@type":"ListItem","position":1,"name":"Portada","item":"https:\/\/spidiaplaya.com\/en\/home\/"},{"@type":"ListItem","position":2,"name":"Contact us"}]},{"@type":"WebSite","@id":"https:\/\/spidiaplaya.com\/#website","url":"https:\/\/spidiaplaya.com\/","name":"Spidia","description":"Empresa familiar, experimentada en el mundo inmobiliario, de la construcci\u00f3n y la gesti\u00f3n empresarial en el municipio de \u00c1guilas y sus alrededores.","publisher":{"@id":"https:\/\/spidiaplaya.com\/#organization"},"potentialAction":[{"@type":"SearchAction","target":{"@type":"EntryPoint","urlTemplate":"https:\/\/spidiaplaya.com\/?s={search_term_string}"},"query-input":"required name=search_term_string"}],"inLanguage":"en-US"},{"@type":"Organization","@id":"https:\/\/spidiaplaya.com\/#organization","name":"Spidia","url":"https:\/\/spidiaplaya.com\/","logo":{"@type":"ImageObject","inLanguage":"en-US","@id":"https:\/\/spidiaplaya.com\/#\/schema\/logo\/image\/","url":"https:\/\/spidiaplaya.com\/wp-content\/uploads\/2021\/07\/spidia_horiz_inmo.png","contentUrl":"https:\/\/spidiaplaya.com\/wp-content\/uploads\/2021\/07\/spidia_horiz_inmo.png","width":2598,"height":945,"caption":"Spidia"},"image":{"@id":"https:\/\/spidiaplaya.com\/#\/schema\/logo\/image\/"}}]}},"_links":{"self":[{"href":"https:\/\/spidiaplaya.com\/en\/wp-json\/wp\/v2\/pages\/1668","targetHints":{"allow":["GET"]}}],"collection":[{"href":"https:\/\/spidiaplaya.com\/en\/wp-json\/wp\/v2\/pages"}],"about":[{"href":"https:\/\/spidiaplaya.com\/en\/wp-json\/wp\/v2\/types\/page"}],"author":[{"embeddable":true,"href":"https:\/\/spidiaplaya.com\/en\/wp-json\/wp\/v2\/users\/1"}],"replies":[{"embeddable":true,"href":"https:\/\/spidiaplaya.com\/en\/wp-json\/wp\/v2\/comments?post=1668"}],"version-history":[{"count":1,"href":"https:\/\/spidiaplaya.com\/en\/wp-json\/wp\/v2\/pages\/1668\/revisions"}],"predecessor-version":[{"id":2129,"href":"https:\/\/spidiaplaya.com\/en\/wp-json\/wp\/v2\/pages\/1668\/revisions\/2129"}],"wp:attachment":[{"href":"https:\/\/spidiaplaya.com\/en\/wp-json\/wp\/v2\/media?parent=1668"}],"curies":[{"name":"wp","href":"https:\/\/api.w.org\/{rel}","templated":true}]}}